{"id":40069,"date":"2023-10-11T15:58:11","date_gmt":"2023-10-11T13:58:11","guid":{"rendered":"https:\/\/fenbro.com\/unsere-bestseller\/"},"modified":"2026-02-12T14:00:28","modified_gmt":"2026-02-12T13:00:28","slug":"unsere-bestseller","status":"publish","type":"page","link":"https:\/\/fenbro.com\/de\/unsere-bestseller\/","title":{"rendered":"Unsere Bestseller"},"content":{"rendered":"<p>Entdecken Sie unsere meistverkauften Produkte, die von unseren Kunden geliebt werden!<\/p>\n","protected":false},"excerpt":{"rendered":"<p>Entdecken Sie unsere meistverkauften Produkte, die von unseren Kunden geliebt werden!<\/p>\n","protected":false},"author":1,"featured_media":0,"parent":0,"menu_order":0,"comment_status":"closed","ping_status":"closed","template":"template-our-bestsellers.php","meta":{"_acf_changed":false,"footnotes":""},"class_list":["post-40069","page","type-page","status-publish","hentry"],"acf":[],"yoast_head":"<!-- This site is optimized with the Yoast SEO plugin v26.2 - https:\/\/yoast.com\/wordpress\/plugins\/seo\/ -->\n<title>Unsere Bestseller Fenster und T\u00fcren - Fenbro<\/title>\n<meta name=\"description\" content=\"Entdecken Sie unsere meistverkauften und bei Kunden beliebten Produkte - eine gro\u00dfe Auswahl an Fenstern und T\u00fcren zu attraktiven Preisen. Entdecken Sie unsere Bestseller!\" \/>\n<meta name=\"robots\" content=\"index, follow, max-snippet:-1, max-image-preview:large, max-video-preview:-1\" \/>\n<link rel=\"canonical\" href=\"https:\/\/fenbro.com\/de\/unsere-bestseller\/\" \/>\n<meta property=\"og:locale\" content=\"de_DE\" \/>\n<meta property=\"og:type\" content=\"article\" \/>\n<meta property=\"og:title\" content=\"Unsere Bestseller Fenster und T\u00fcren - Fenbro\" \/>\n<meta property=\"og:description\" content=\"Entdecken Sie unsere meistverkauften und bei Kunden beliebten Produkte - eine gro\u00dfe Auswahl an Fenstern und T\u00fcren zu attraktiven Preisen. Entdecken Sie unsere Bestseller!\" \/>\n<meta property=\"og:url\" content=\"https:\/\/fenbro.com\/de\/unsere-bestseller\/\" \/>\n<meta property=\"og:site_name\" content=\"Fenbro\" \/>\n<meta property=\"article:publisher\" content=\"https:\/\/www.facebook.com\/fenbropl\/\" \/>\n<meta property=\"article:modified_time\" content=\"2026-02-12T13:00:28+00:00\" \/>\n<meta name=\"twitter:card\" content=\"summary_large_image\" \/>\n<meta name=\"twitter:site\" content=\"@fenbro_\" \/>\n<meta name=\"twitter:label1\" content=\"Est. reading time\" \/>\n\t<meta name=\"twitter:data1\" content=\"1 Minute\" \/>\n<script type=\"application\/ld+json\" class=\"yoast-schema-graph\">{\"@context\":\"https:\/\/schema.org\",\"@graph\":[{\"@type\":\"WebPage\",\"@id\":\"https:\/\/fenbro.com\/de\/unsere-bestseller\/\",\"url\":\"https:\/\/fenbro.com\/de\/unsere-bestseller\/\",\"name\":\"Unsere Bestseller Fenster und T\u00fcren - Fenbro\",\"isPartOf\":{\"@id\":\"https:\/\/test.fenbro.com\/de\/#website\"},\"datePublished\":\"2023-10-11T13:58:11+00:00\",\"dateModified\":\"2026-02-12T13:00:28+00:00\",\"description\":\"Entdecken Sie unsere meistverkauften und bei Kunden beliebten Produkte - eine gro\u00dfe Auswahl an Fenstern und T\u00fcren zu attraktiven Preisen. Entdecken Sie unsere Bestseller!\",\"breadcrumb\":{\"@id\":\"https:\/\/fenbro.com\/de\/unsere-bestseller\/#breadcrumb\"},\"inLanguage\":\"de-DE\",\"potentialAction\":[{\"@type\":\"ReadAction\",\"target\":[\"https:\/\/fenbro.com\/de\/unsere-bestseller\/\"]}]},{\"@type\":\"BreadcrumbList\",\"@id\":\"https:\/\/fenbro.com\/de\/unsere-bestseller\/#breadcrumb\",\"itemListElement\":[{\"@type\":\"ListItem\",\"position\":1,\"name\":\"Fenbro\",\"item\":\"https:\/\/fenbro.com\/de\/\"},{\"@type\":\"ListItem\",\"position\":2,\"name\":\"Unsere Bestseller\"}]},{\"@type\":\"WebSite\",\"@id\":\"https:\/\/test.fenbro.com\/de\/#website\",\"url\":\"https:\/\/test.fenbro.com\/de\/\",\"name\":\"Fenbro\",\"description\":\"Fenbro\",\"publisher\":{\"@id\":\"https:\/\/test.fenbro.com\/de\/#organization\"},\"potentialAction\":[{\"@type\":\"SearchAction\",\"target\":{\"@type\":\"EntryPoint\",\"urlTemplate\":\"https:\/\/test.fenbro.com\/de\/?s={search_term_string}\"},\"query-input\":{\"@type\":\"PropertyValueSpecification\",\"valueRequired\":true,\"valueName\":\"search_term_string\"}}],\"inLanguage\":\"de-DE\"},{\"@type\":\"Organization\",\"@id\":\"https:\/\/test.fenbro.com\/de\/#organization\",\"name\":\"Fenbro\",\"url\":\"https:\/\/test.fenbro.com\/de\/\",\"logo\":{\"@type\":\"ImageObject\",\"inLanguage\":\"de-DE\",\"@id\":\"https:\/\/test.fenbro.com\/de\/#\/schema\/logo\/image\/\",\"url\":\"https:\/\/fenbro.com\/wp-content\/uploads\/2022\/12\/logo.svg\",\"contentUrl\":\"https:\/\/fenbro.com\/wp-content\/uploads\/2022\/12\/logo.svg\",\"width\":118,\"height\":82,\"caption\":\"Fenbro\"},\"image\":{\"@id\":\"https:\/\/test.fenbro.com\/de\/#\/schema\/logo\/image\/\"},\"sameAs\":[\"https:\/\/www.facebook.com\/fenbropl\/\",\"https:\/\/x.com\/fenbro_\",\"https:\/\/www.instagram.com\/fenbro_\/\",\"https:\/\/www.youtube.com\/channel\/UCXYNAsSRWAbGE8dRU2fc5zw\",\"https:\/\/www.linkedin.com\/company\/75737410\",\"https:\/\/pl.pinterest.com\/fenbro_\/\"]}]}<\/script>\n<!-- \/ Yoast SEO plugin. -->","yoast_head_json":{"title":"Unsere Bestseller Fenster und T\u00fcren - Fenbro","description":"Entdecken Sie unsere meistverkauften und bei Kunden beliebten Produkte - eine gro\u00dfe Auswahl an Fenstern und T\u00fcren zu attraktiven Preisen. Entdecken Sie unsere Bestseller!","robots":{"index":"index","follow":"follow","max-snippet":"max-snippet:-1","max-image-preview":"max-image-preview:large","max-video-preview":"max-video-preview:-1"},"canonical":"https:\/\/fenbro.com\/de\/unsere-bestseller\/","og_locale":"de_DE","og_type":"article","og_title":"Unsere Bestseller Fenster und T\u00fcren - Fenbro","og_description":"Entdecken Sie unsere meistverkauften und bei Kunden beliebten Produkte - eine gro\u00dfe Auswahl an Fenstern und T\u00fcren zu attraktiven Preisen. Entdecken Sie unsere Bestseller!","og_url":"https:\/\/fenbro.com\/de\/unsere-bestseller\/","og_site_name":"Fenbro","article_publisher":"https:\/\/www.facebook.com\/fenbropl\/","article_modified_time":"2026-02-12T13:00:28+00:00","twitter_card":"summary_large_image","twitter_site":"@fenbro_","twitter_misc":{"Est. reading time":"1 Minute"},"schema":{"@context":"https:\/\/schema.org","@graph":[{"@type":"WebPage","@id":"https:\/\/fenbro.com\/de\/unsere-bestseller\/","url":"https:\/\/fenbro.com\/de\/unsere-bestseller\/","name":"Unsere Bestseller Fenster und T\u00fcren - Fenbro","isPartOf":{"@id":"https:\/\/test.fenbro.com\/de\/#website"},"datePublished":"2023-10-11T13:58:11+00:00","dateModified":"2026-02-12T13:00:28+00:00","description":"Entdecken Sie unsere meistverkauften und bei Kunden beliebten Produkte - eine gro\u00dfe Auswahl an Fenstern und T\u00fcren zu attraktiven Preisen. Entdecken Sie unsere Bestseller!","breadcrumb":{"@id":"https:\/\/fenbro.com\/de\/unsere-bestseller\/#breadcrumb"},"inLanguage":"de-DE","potentialAction":[{"@type":"ReadAction","target":["https:\/\/fenbro.com\/de\/unsere-bestseller\/"]}]},{"@type":"BreadcrumbList","@id":"https:\/\/fenbro.com\/de\/unsere-bestseller\/#breadcrumb","itemListElement":[{"@type":"ListItem","position":1,"name":"Fenbro","item":"https:\/\/fenbro.com\/de\/"},{"@type":"ListItem","position":2,"name":"Unsere Bestseller"}]},{"@type":"WebSite","@id":"https:\/\/test.fenbro.com\/de\/#website","url":"https:\/\/test.fenbro.com\/de\/","name":"Fenbro","description":"Fenbro","publisher":{"@id":"https:\/\/test.fenbro.com\/de\/#organization"},"potentialAction":[{"@type":"SearchAction","target":{"@type":"EntryPoint","urlTemplate":"https:\/\/test.fenbro.com\/de\/?s={search_term_string}"},"query-input":{"@type":"PropertyValueSpecification","valueRequired":true,"valueName":"search_term_string"}}],"inLanguage":"de-DE"},{"@type":"Organization","@id":"https:\/\/test.fenbro.com\/de\/#organization","name":"Fenbro","url":"https:\/\/test.fenbro.com\/de\/","logo":{"@type":"ImageObject","inLanguage":"de-DE","@id":"https:\/\/test.fenbro.com\/de\/#\/schema\/logo\/image\/","url":"https:\/\/fenbro.com\/wp-content\/uploads\/2022\/12\/logo.svg","contentUrl":"https:\/\/fenbro.com\/wp-content\/uploads\/2022\/12\/logo.svg","width":118,"height":82,"caption":"Fenbro"},"image":{"@id":"https:\/\/test.fenbro.com\/de\/#\/schema\/logo\/image\/"},"sameAs":["https:\/\/www.facebook.com\/fenbropl\/","https:\/\/x.com\/fenbro_","https:\/\/www.instagram.com\/fenbro_\/","https:\/\/www.youtube.com\/channel\/UCXYNAsSRWAbGE8dRU2fc5zw","https:\/\/www.linkedin.com\/company\/75737410","https:\/\/pl.pinterest.com\/fenbro_\/"]}]}},"_links":{"self":[{"href":"https:\/\/fenbro.com\/de\/wp-json\/wp\/v2\/pages\/40069","targetHints":{"allow":["GET"]}}],"collection":[{"href":"https:\/\/fenbro.com\/de\/wp-json\/wp\/v2\/pages"}],"about":[{"href":"https:\/\/fenbro.com\/de\/wp-json\/wp\/v2\/types\/page"}],"author":[{"embeddable":true,"href":"https:\/\/fenbro.com\/de\/wp-json\/wp\/v2\/users\/1"}],"replies":[{"embeddable":true,"href":"https:\/\/fenbro.com\/de\/wp-json\/wp\/v2\/comments?post=40069"}],"version-history":[{"count":5,"href":"https:\/\/fenbro.com\/de\/wp-json\/wp\/v2\/pages\/40069\/revisions"}],"predecessor-version":[{"id":51664,"href":"https:\/\/fenbro.com\/de\/wp-json\/wp\/v2\/pages\/40069\/revisions\/51664"}],"wp:attachment":[{"href":"https:\/\/fenbro.com\/de\/wp-json\/wp\/v2\/media?parent=40069"}],"curies":[{"name":"wp","href":"https:\/\/api.w.org\/{rel}","templated":true}]}}