{"id":40178,"date":"2024-10-02T11:26:45","date_gmt":"2024-10-02T09:26:45","guid":{"rendered":"https:\/\/fenbro.com\/ueber-uns\/"},"modified":"2026-02-12T15:02:59","modified_gmt":"2026-02-12T14:02:59","slug":"ueber-uns","status":"publish","type":"page","link":"https:\/\/fenbro.com\/de\/ueber-uns\/","title":{"rendered":"\u00dcber uns"},"content":{"rendered":"<p>Wir sind ein dynamisches und sich schnell entwickelndes polnisches Unternehmen, das Fenster und T\u00fcren an B2B- und B2C-Kunden in Irland, Gro\u00dfbritannien, der DACH-Region und anderen wichtigen globalen M\u00e4rkten verkauft. Unsere Unternehmenspolitik ist klar: Wir m\u00f6chten die polnische Tischlerei bekannt machen und den Kaufprozess so einfach und zufriedenstellend wie m\u00f6glich gestalten.<\/p>\n<p>&nbsp;<\/p>\n<p><img loading=\"lazy\" decoding=\"async\" class=\"alignnone wp-image-15035\" src=\"http:\/\/fenbro.com\/wp-content\/uploads\/2023\/08\/our_company_first-600x300.jpg\" alt=\"Seo\" width=\"700\" height=\"500\" srcset=\"https:\/\/fenbro.com\/wp-content\/uploads\/2023\/08\/our_company_first-327x234.jpg 327w, https:\/\/fenbro.com\/wp-content\/uploads\/2023\/08\/our_company_first-1x1.jpg 1w, https:\/\/fenbro.com\/wp-content\/uploads\/2023\/08\/our_company_first-500x357.jpg 500w, https:\/\/fenbro.com\/wp-content\/uploads\/2023\/08\/our_company_first-275x196.jpg 275w, https:\/\/fenbro.com\/wp-content\/uploads\/2023\/08\/our_company_first-380x271.jpg 380w, https:\/\/fenbro.com\/wp-content\/uploads\/2023\/08\/our_company_first.jpg 700w\" sizes=\"auto, (max-width: 700px) 100vw, 700px\" \/><\/p>\n<h3><\/h3>\n<h3 class=\"content-main-heading\">Die 7 wichtigsten Gr\u00fcnde, warum sich Kunden f\u00fcr uns entscheiden:<\/h3>\n<p><span class=\"single-fenbro-reason\">1. Qualit\u00e4t<\/span><\/p>\n<p><span style=\"font-weight: 400;\">Wir sind ein polnisches Unternehmen und bieten hochwertige Produkte aus Polen. Dabei verkaufen wir nicht nur gute Produkte, sondern ber\u00fccksichtigen auch das Klima und die individuellen Bed\u00fcrfnisse unserer Kunden. Als Distributor k\u00f6nnen wir eine breite Palette an Produkten, Designs und L\u00f6sungen anbieten.<\/span><\/p>\n<p><span class=\"single-fenbro-reason\">2. Lieferzeit<\/span><\/p>\n<p><span style=\"font-weight: 400;\">Fenbro informiert Sie im Voraus \u00fcber die Lieferzeiten und h\u00e4lt Sie w\u00e4hrend des gesamten Prozesses auf dem Laufenden. In den meisten F\u00e4llen betr\u00e4gt unsere Lieferzeit 4-6 Wochen. <\/span><span style=\"font-weight: 400;\"><br \/>\n<\/span><br \/>\n<span class=\"single-fenbro-reason\">3. Montage<\/span><\/p>\n<p><span style=\"font-weight: 400;\">Montage erfolgt durch von uns vermittelte Teams. Es werden dabei Montageanker verwenden, anstatt die Rahmen zu durchbohren. Die Montage erfolgt nach allen anerkannten Regeln der Technik.<\/span><span style=\"font-weight: 400;\"><br \/>\n<\/span><br \/>\n<span class=\"single-fenbro-reason\">4. Kundenbetreuung<\/span><\/p>\n<p><span style=\"font-weight: 400;\">Erleben Sie pers\u00f6nliche Beratung und individuellen Service! Unsere Vertriebsspezialisten sind schnell f\u00fcr Sie da und helfen Ihnen bei allen Fragen rund um Ihre Bestellung \u2013 von der Angebotserstellung bis zum After-Sales-Service. <\/span><span style=\"font-weight: 400;\"><br \/>\n<\/span><br \/>\n<span class=\"single-fenbro-reason\">5. After Sales Betreuung<\/span><\/p>\n<p><span style=\"font-weight: 400;\">Verlassen Sie sich auf unseren zuverl\u00e4ssigen Service \u2013 auch nach dem Kauf! Wir halten Sie \u00fcber jeden Schritt auf dem Laufenden, von der Produktion bis zur Montage. Innerhalb weniger Tage nach dem Kauf erhalten Sie Ihren pers\u00f6nlichen Zeitplan. <\/span><span style=\"font-weight: 400;\"><br \/>\n<\/span><br \/>\n<span class=\"single-fenbro-reason\">6. Garantie<\/span><\/p>\n<p><span style=\"font-weight: 400;\">Wir bieten eine Standardgarantie von 3 Jahren auf alle Fenbro-Produkte. Der Umfang und die Dauer der Garantie k\u00f6nnen je nach dem vom Kunden gew\u00e4hlten zus\u00e4tzlichen Garantiepaket variieren. <\/span><span style=\"font-weight: 400;\"><br \/>\n<\/span><br \/>\n<span class=\"single-fenbro-reason\">7. Bewertungen<\/span><\/p>\n<p><span style=\"font-weight: 400;\">Wir empfehlen Ihnen, sich unsere zufriedenen Kunden anzusehen<\/span> <a href=\"https:\/\/fenbro.com\/de\/bewertungen\/\"><span style=\"font-weight: 400;\">Bewertungen<\/span><\/a><span style=\"font-weight: 400;\"> und sehen Sie sich unsere <\/span><a href=\"https:\/\/fenbro.com\/de\/projekte\/\"><span style=\"font-weight: 400;\">abgeschlossenen Projekte<\/span><\/a><span style=\"font-weight: 400;\"> Wir empfehlen Ihnen, sich die Bewertungen unserer zufriedenen Kunden und unsere abgeschlossenen Projekte in Ihrem Land anzusehen. Es ist auch hilfreich, Feedback \u00fcber unsere Wettbewerber zu lesen, um eine fundierte Entscheidung zu treffen. Wie hei\u00dft es so sch\u00f6n: Vorsicht ist besser als Nachsicht! <\/span><\/p>\n","protected":false},"excerpt":{"rendered":"<p>Wir sind ein dynamisches und sich schnell entwickelndes polnisches Unternehmen, das Fenster und T\u00fcren an B2B- und B2C-Kunden in Irland, Gro\u00dfbritannien, der DACH-Region und anderen wichtigen globalen M\u00e4rkten verkauft. Unsere Unternehmenspolitik ist klar: Wir m\u00f6chten die polnische Tischlerei bekannt machen und den Kaufprozess so einfach und zufriedenstellend wie m\u00f6glich gestalten. &nbsp; Die 7 wichtigsten Gr\u00fcnde, [&hellip;]<\/p>\n","protected":false},"author":15,"featured_media":0,"parent":0,"menu_order":0,"comment_status":"closed","ping_status":"closed","template":"template-our_company.php","meta":{"_acf_changed":false,"footnotes":""},"class_list":["post-40178","page","type-page","status-publish","hentry"],"acf":[],"yoast_head":"<!-- This site is optimized with the Yoast SEO plugin v26.2 - https:\/\/yoast.com\/wordpress\/plugins\/seo\/ -->\n<title>\u00dcber uns - Fenbro<\/title>\n<meta name=\"description\" content=\"Wir sind ein dynamisches und sich schnell entwickelndes polnisches Unternehmen, das Fenster und T\u00fcren an B2B und B2C verkauft. Erfahren Sie mehr \u00fcber Fenbro!\" \/>\n<meta name=\"robots\" content=\"index, follow, max-snippet:-1, max-image-preview:large, max-video-preview:-1\" \/>\n<link rel=\"canonical\" href=\"https:\/\/fenbro.com\/de\/ueber-uns\/\" \/>\n<meta property=\"og:locale\" content=\"de_DE\" \/>\n<meta property=\"og:type\" content=\"article\" \/>\n<meta property=\"og:title\" content=\"\u00dcber uns - Fenbro\" \/>\n<meta property=\"og:description\" content=\"Wir sind ein dynamisches und sich schnell entwickelndes polnisches Unternehmen, das Fenster und T\u00fcren an B2B und B2C verkauft. Erfahren Sie mehr \u00fcber Fenbro!\" \/>\n<meta property=\"og:url\" content=\"https:\/\/fenbro.com\/de\/ueber-uns\/\" \/>\n<meta property=\"og:site_name\" content=\"Fenbro\" \/>\n<meta property=\"article:publisher\" content=\"https:\/\/www.facebook.com\/fenbropl\/\" \/>\n<meta property=\"article:modified_time\" content=\"2026-02-12T14:02:59+00:00\" \/>\n<meta property=\"og:image\" content=\"https:\/\/fenbro.com\/wp-content\/uploads\/2023\/08\/our_company_first.jpg\" \/>\n\t<meta property=\"og:image:width\" content=\"700\" \/>\n\t<meta property=\"og:image:height\" content=\"500\" \/>\n\t<meta property=\"og:image:type\" content=\"image\/jpeg\" \/>\n<meta name=\"twitter:card\" content=\"summary_large_image\" \/>\n<meta name=\"twitter:site\" content=\"@fenbro_\" \/>\n<meta name=\"twitter:label1\" content=\"Est. reading time\" \/>\n\t<meta name=\"twitter:data1\" content=\"2 Minute\" \/>\n<script type=\"application\/ld+json\" class=\"yoast-schema-graph\">{\"@context\":\"https:\/\/schema.org\",\"@graph\":[{\"@type\":\"WebPage\",\"@id\":\"https:\/\/fenbro.com\/de\/ueber-uns\/\",\"url\":\"https:\/\/fenbro.com\/de\/ueber-uns\/\",\"name\":\"\u00dcber uns - Fenbro\",\"isPartOf\":{\"@id\":\"https:\/\/test.fenbro.com\/de\/#website\"},\"primaryImageOfPage\":{\"@id\":\"https:\/\/fenbro.com\/de\/ueber-uns\/#primaryimage\"},\"image\":{\"@id\":\"https:\/\/fenbro.com\/de\/ueber-uns\/#primaryimage\"},\"thumbnailUrl\":\"http:\/\/fenbro.com\/wp-content\/uploads\/2023\/08\/our_company_first-600x300.jpg\",\"datePublished\":\"2024-10-02T09:26:45+00:00\",\"dateModified\":\"2026-02-12T14:02:59+00:00\",\"description\":\"Wir sind ein dynamisches und sich schnell entwickelndes polnisches Unternehmen, das Fenster und T\u00fcren an B2B und B2C verkauft. Erfahren Sie mehr \u00fcber Fenbro!\",\"breadcrumb\":{\"@id\":\"https:\/\/fenbro.com\/de\/ueber-uns\/#breadcrumb\"},\"inLanguage\":\"de-DE\",\"potentialAction\":[{\"@type\":\"ReadAction\",\"target\":[\"https:\/\/fenbro.com\/de\/ueber-uns\/\"]}]},{\"@type\":\"ImageObject\",\"inLanguage\":\"de-DE\",\"@id\":\"https:\/\/fenbro.com\/de\/ueber-uns\/#primaryimage\",\"url\":\"http:\/\/fenbro.com\/wp-content\/uploads\/2023\/08\/our_company_first-600x300.jpg\",\"contentUrl\":\"http:\/\/fenbro.com\/wp-content\/uploads\/2023\/08\/our_company_first-600x300.jpg\"},{\"@type\":\"BreadcrumbList\",\"@id\":\"https:\/\/fenbro.com\/de\/ueber-uns\/#breadcrumb\",\"itemListElement\":[{\"@type\":\"ListItem\",\"position\":1,\"name\":\"Fenbro\",\"item\":\"https:\/\/fenbro.com\/de\/\"},{\"@type\":\"ListItem\",\"position\":2,\"name\":\"\u00dcber uns\"}]},{\"@type\":\"WebSite\",\"@id\":\"https:\/\/test.fenbro.com\/de\/#website\",\"url\":\"https:\/\/test.fenbro.com\/de\/\",\"name\":\"Fenbro\",\"description\":\"Fenbro\",\"publisher\":{\"@id\":\"https:\/\/test.fenbro.com\/de\/#organization\"},\"potentialAction\":[{\"@type\":\"SearchAction\",\"target\":{\"@type\":\"EntryPoint\",\"urlTemplate\":\"https:\/\/test.fenbro.com\/de\/?s={search_term_string}\"},\"query-input\":{\"@type\":\"PropertyValueSpecification\",\"valueRequired\":true,\"valueName\":\"search_term_string\"}}],\"inLanguage\":\"de-DE\"},{\"@type\":\"Organization\",\"@id\":\"https:\/\/test.fenbro.com\/de\/#organization\",\"name\":\"Fenbro\",\"url\":\"https:\/\/test.fenbro.com\/de\/\",\"logo\":{\"@type\":\"ImageObject\",\"inLanguage\":\"de-DE\",\"@id\":\"https:\/\/test.fenbro.com\/de\/#\/schema\/logo\/image\/\",\"url\":\"https:\/\/fenbro.com\/wp-content\/uploads\/2022\/12\/logo.svg\",\"contentUrl\":\"https:\/\/fenbro.com\/wp-content\/uploads\/2022\/12\/logo.svg\",\"width\":118,\"height\":82,\"caption\":\"Fenbro\"},\"image\":{\"@id\":\"https:\/\/test.fenbro.com\/de\/#\/schema\/logo\/image\/\"},\"sameAs\":[\"https:\/\/www.facebook.com\/fenbropl\/\",\"https:\/\/x.com\/fenbro_\",\"https:\/\/www.instagram.com\/fenbro_\/\",\"https:\/\/www.youtube.com\/channel\/UCXYNAsSRWAbGE8dRU2fc5zw\",\"https:\/\/www.linkedin.com\/company\/75737410\",\"https:\/\/pl.pinterest.com\/fenbro_\/\"]}]}<\/script>\n<!-- \/ Yoast SEO plugin. -->","yoast_head_json":{"title":"\u00dcber uns - Fenbro","description":"Wir sind ein dynamisches und sich schnell entwickelndes polnisches Unternehmen, das Fenster und T\u00fcren an B2B und B2C verkauft. Erfahren Sie mehr \u00fcber Fenbro!","robots":{"index":"index","follow":"follow","max-snippet":"max-snippet:-1","max-image-preview":"max-image-preview:large","max-video-preview":"max-video-preview:-1"},"canonical":"https:\/\/fenbro.com\/de\/ueber-uns\/","og_locale":"de_DE","og_type":"article","og_title":"\u00dcber uns - Fenbro","og_description":"Wir sind ein dynamisches und sich schnell entwickelndes polnisches Unternehmen, das Fenster und T\u00fcren an B2B und B2C verkauft. Erfahren Sie mehr \u00fcber Fenbro!","og_url":"https:\/\/fenbro.com\/de\/ueber-uns\/","og_site_name":"Fenbro","article_publisher":"https:\/\/www.facebook.com\/fenbropl\/","article_modified_time":"2026-02-12T14:02:59+00:00","og_image":[{"width":700,"height":500,"url":"https:\/\/fenbro.com\/wp-content\/uploads\/2023\/08\/our_company_first.jpg","type":"image\/jpeg"}],"twitter_card":"summary_large_image","twitter_site":"@fenbro_","twitter_misc":{"Est. reading time":"2 Minute"},"schema":{"@context":"https:\/\/schema.org","@graph":[{"@type":"WebPage","@id":"https:\/\/fenbro.com\/de\/ueber-uns\/","url":"https:\/\/fenbro.com\/de\/ueber-uns\/","name":"\u00dcber uns - Fenbro","isPartOf":{"@id":"https:\/\/test.fenbro.com\/de\/#website"},"primaryImageOfPage":{"@id":"https:\/\/fenbro.com\/de\/ueber-uns\/#primaryimage"},"image":{"@id":"https:\/\/fenbro.com\/de\/ueber-uns\/#primaryimage"},"thumbnailUrl":"http:\/\/fenbro.com\/wp-content\/uploads\/2023\/08\/our_company_first-600x300.jpg","datePublished":"2024-10-02T09:26:45+00:00","dateModified":"2026-02-12T14:02:59+00:00","description":"Wir sind ein dynamisches und sich schnell entwickelndes polnisches Unternehmen, das Fenster und T\u00fcren an B2B und B2C verkauft. Erfahren Sie mehr \u00fcber Fenbro!","breadcrumb":{"@id":"https:\/\/fenbro.com\/de\/ueber-uns\/#breadcrumb"},"inLanguage":"de-DE","potentialAction":[{"@type":"ReadAction","target":["https:\/\/fenbro.com\/de\/ueber-uns\/"]}]},{"@type":"ImageObject","inLanguage":"de-DE","@id":"https:\/\/fenbro.com\/de\/ueber-uns\/#primaryimage","url":"http:\/\/fenbro.com\/wp-content\/uploads\/2023\/08\/our_company_first-600x300.jpg","contentUrl":"http:\/\/fenbro.com\/wp-content\/uploads\/2023\/08\/our_company_first-600x300.jpg"},{"@type":"BreadcrumbList","@id":"https:\/\/fenbro.com\/de\/ueber-uns\/#breadcrumb","itemListElement":[{"@type":"ListItem","position":1,"name":"Fenbro","item":"https:\/\/fenbro.com\/de\/"},{"@type":"ListItem","position":2,"name":"\u00dcber uns"}]},{"@type":"WebSite","@id":"https:\/\/test.fenbro.com\/de\/#website","url":"https:\/\/test.fenbro.com\/de\/","name":"Fenbro","description":"Fenbro","publisher":{"@id":"https:\/\/test.fenbro.com\/de\/#organization"},"potentialAction":[{"@type":"SearchAction","target":{"@type":"EntryPoint","urlTemplate":"https:\/\/test.fenbro.com\/de\/?s={search_term_string}"},"query-input":{"@type":"PropertyValueSpecification","valueRequired":true,"valueName":"search_term_string"}}],"inLanguage":"de-DE"},{"@type":"Organization","@id":"https:\/\/test.fenbro.com\/de\/#organization","name":"Fenbro","url":"https:\/\/test.fenbro.com\/de\/","logo":{"@type":"ImageObject","inLanguage":"de-DE","@id":"https:\/\/test.fenbro.com\/de\/#\/schema\/logo\/image\/","url":"https:\/\/fenbro.com\/wp-content\/uploads\/2022\/12\/logo.svg","contentUrl":"https:\/\/fenbro.com\/wp-content\/uploads\/2022\/12\/logo.svg","width":118,"height":82,"caption":"Fenbro"},"image":{"@id":"https:\/\/test.fenbro.com\/de\/#\/schema\/logo\/image\/"},"sameAs":["https:\/\/www.facebook.com\/fenbropl\/","https:\/\/x.com\/fenbro_","https:\/\/www.instagram.com\/fenbro_\/","https:\/\/www.youtube.com\/channel\/UCXYNAsSRWAbGE8dRU2fc5zw","https:\/\/www.linkedin.com\/company\/75737410","https:\/\/pl.pinterest.com\/fenbro_\/"]}]}},"_links":{"self":[{"href":"https:\/\/fenbro.com\/de\/wp-json\/wp\/v2\/pages\/40178","targetHints":{"allow":["GET"]}}],"collection":[{"href":"https:\/\/fenbro.com\/de\/wp-json\/wp\/v2\/pages"}],"about":[{"href":"https:\/\/fenbro.com\/de\/wp-json\/wp\/v2\/types\/page"}],"author":[{"embeddable":true,"href":"https:\/\/fenbro.com\/de\/wp-json\/wp\/v2\/users\/15"}],"replies":[{"embeddable":true,"href":"https:\/\/fenbro.com\/de\/wp-json\/wp\/v2\/comments?post=40178"}],"version-history":[{"count":37,"href":"https:\/\/fenbro.com\/de\/wp-json\/wp\/v2\/pages\/40178\/revisions"}],"predecessor-version":[{"id":51682,"href":"https:\/\/fenbro.com\/de\/wp-json\/wp\/v2\/pages\/40178\/revisions\/51682"}],"wp:attachment":[{"href":"https:\/\/fenbro.com\/de\/wp-json\/wp\/v2\/media?parent=40178"}],"curies":[{"name":"wp","href":"https:\/\/api.w.org\/{rel}","templated":true}]}}