{"id":40195,"date":"2024-06-21T17:46:34","date_gmt":"2024-06-21T15:46:34","guid":{"rendered":"https:\/\/fenbro.com\/?page_id=40195"},"modified":"2025-08-18T13:36:21","modified_gmt":"2025-08-18T11:36:21","slug":"datenschutz-informationsklausel-fuer-kunden","status":"publish","type":"page","link":"https:\/\/fenbro.com\/de\/datenschutz-informationsklausel-fuer-kunden\/","title":{"rendered":"Datenschutz-Informationsklausel f\u00fcr Kunden"},"content":{"rendered":"<p><span style=\"font-weight: 400;\">1.<strong> Fenbro sp. z o. o.<\/strong> mit Sitz in Warschau, Ludna 2\/320, 00-406 Warschau, eingetragen im Handelsregister des Amtsgerichts f\u00fcr die Hauptstadt Warschau, 12. Wirtschaftsabteilung des Landesgerichtsregisters, unter der KRS-Nummer: 0000947765, NIP: 7011070120, REGON: 521057577 \u2013 ist der Verantwortliche f\u00fcr die Verarbeitung personenbezogener Daten (im Folgenden &#8222;<strong>Verantwortlicher<\/strong>&#8220; genannt) seiner Kunden, mit denen er einen Kauf- oder Dienstleistungsvertrag abgeschlossen hat, im Folgenden zusammenfassend als &#8222;<strong>Kunden<\/strong>&#8220; bezeichnet.<\/span><\/p>\n<p>2. <span style=\"font-weight: 400;\">Die personenbezogenen Daten der Kunden werden vom Verantwortlichen verarbeitet, um Vertr\u00e4ge zu erf\u00fcllen und Dienstleistungen zu erbringen, die sich aus den Rechtsbeziehungen zwischen dem Verantwortlichen und den Kunden ergeben. Die Angabe personenbezogener Daten ist freiwillig, aber notwendig f\u00fcr den Abschluss und die Durchf\u00fchrung von Vertr\u00e4gen, die der Verantwortliche mit den Kunden abschlie\u00dft.<\/span><\/p>\n<p>3. <span style=\"font-weight: 400;\">Der Verantwortliche verarbeitet personenbezogene Daten f\u00fcr den Zeitraum, der erforderlich ist, um die in Punkt 2 genannten Zwecke zu erreichen. Personenbezogene Daten k\u00f6nnen f\u00fcr einen l\u00e4ngeren Zeitraum als den im vorstehenden Satz genannten verarbeitet werden, wenn sich ein solches Recht oder eine solche Verpflichtung des Verantwortlichen aus bestimmten Rechtsvorschriften oder aus dem berechtigten Interesse des Verantwortlichen gem\u00e4\u00df Punkt 5 Bst.<\/span> <span style=\"font-weight: 400;\">c ergibt (d. h. f\u00fcr die Dauer der Verj\u00e4hrung von Anspr\u00fcchen oder den Abschluss relevanter Verfahren, wenn diese innerhalb der Verj\u00e4hrungsfrist eingeleitet wurden).<\/span><\/p>\n<p>4. <span style=\"font-weight: 400;\">Die Quelle der verarbeiteten personenbezogenen Daten sind die Kunden. Der Verantwortliche kann auch die Daten der Mitarbeiter seiner Kunden aufgrund einer Offenlegung verarbeiten, wenn der mit dem Kunden geschlossene Vertrag die Notwendigkeit erfordert, durch diese zu handeln.<\/span><\/p>\n<p><span style=\"font-weight: 400;\">5. Rechtsgrundlage f\u00fcr die Verarbeitung der personenbezogenen Daten der Kunden ist: <\/span><\/p>\n<p><span style=\"font-weight: 400;\">a) Art. 6 Abs. 1 Bst. b DSGVO, d. h. die Notwendigkeit zur Erf\u00fcllung des zwischen dem Verantwortlichen und dem Kunden geschlossenen Vertrags oder zur Durchf\u00fchrung von Ma\u00dfnahmen auf Anfrage des Kunden vor Abschluss des Vertrags, oder\u00a0<\/span><\/p>\n<p><span style=\"font-weight: 400;\">b) Art. 6 Abs. 1 Bst. c DSGVO, d. h. die Notwendigkeit zur Erf\u00fcllung der rechtlichen Verpflichtungen des Verantwortlichen, oder\u00a0<\/span><\/p>\n<p><span style=\"font-weight: 400;\">c) Art. 6 Abs. 1 Bst. f DSGVO, d. h. das berechtigte Interesse des Verantwortlichen, das darin besteht, Anspr\u00fcche geltend zu machen, zu verfolgen oder zu verteidigen, bis sie verj\u00e4hren oder bis die entsprechenden Verfahren abgeschlossen sind, wenn sie in diesem Zeitraum eingeleitet wurden, oder\u00a0<\/span><\/p>\n<p><span style=\"font-weight: 400;\">d) Art. 6 Abs. 1 Bst. f DSGVO, d. h. das berechtigte Interesse des Verantwortlichen an der Identifizierung der zur Vertretung des Kunden berechtigten Personen und der Kontaktaufnahme mit den Mitarbeitern\/Mitarbeitern des Kunden im Zusammenhang mit der Durchf\u00fchrung des mit dem Kunden geschlossenen Vertrags,\u00a0<\/span><\/p>\n<p><span style=\"font-weight: 400;\">e) Art. 6 Abs. 1 Bst. a DSGVO, d. h. die Einwilligung des Kunden in die Verarbeitung personenbezogener Daten f\u00fcr bestimmte Zwecke, wenn andere Rechtsgrundlagen f\u00fcr die Verarbeitung personenbezogener Daten nicht anwendbar sind.<\/span><\/p>\n<p>6. <span style=\"font-weight: 400;\">Der Verantwortliche verwendet Tools von Google Ireland Ltd (Gmail, Google Workspace). In der Regel werden Daten, die im Rahmen der Nutzung dieser Tools verarbeitet werden, auf Servern innerhalb des EWR verarbeitet. Die Stelle, die diese Tools bereitstellt, kann jedoch verpflichtet sein, Daten an Dritte zu \u00fcbermitteln, wenn ihr eine solche Verpflichtung gesetzlich auferlegt wird oder die \u00dcbermittlung aufgrund der Eigenschaften der erbrachten Dienstleistungen (SaaS, Hosting usw.) erforderlich ist. Die \u00dcbermittlung personenbezogener Daten in die Vereinigten Staaten erfolgt auf der Grundlage des Beschlusses der Europ\u00e4ischen Kommission vom 10. Juli 2023 \u00fcber die Gew\u00e4hrleistung eines angemessenen Schutzniveaus durch den EU-US-Datenschutzrahmen (Artikel 45 Absatz 1 DSGVO). Die Stelle, die personenbezogene Daten importiert, d. h. Google LLC, erf\u00fcllt die Entscheidungskriterien und nimmt am Datenschutzrahmenprogramm teil (<\/span><a href=\"https:\/\/www.dataprivacyframework.gov\/s\/participant-search\"><span style=\"font-weight: 400;\">https:\/\/www.dataprivacyframework.gov\/s\/participant-search<\/span><\/a><span style=\"font-weight: 400;\">). Die vorstehende Verarbeitung betrifft die E-Mail-Kommunikation. Im \u00dcbrigen werden die personenbezogenen Daten der Teilnehmer nicht an ein Drittland oder eine internationale Organisation im Sinne der Bestimmungen der DSGVO \u00fcbermittelt.<\/span><\/p>\n<p>7. <span style=\"font-weight: 400;\">Der Verantwortliche gibt personenbezogene Daten nicht ohne die Einwilligung der betroffenen Person an Dritte weiter. Daten d\u00fcrfen ohne die Einwilligung der betroffenen Person nur an Stellen weitergegeben werden, die nach geltendem Recht zur Verarbeitung personenbezogener Daten befugt sind (z. B. Strafverfolgungsbeh\u00f6rden, ZUS oder Finanzamt). Der Verantwortliche stellt personenbezogene Daten der Teilnehmer insbesondere folgenden Stellen zur Verf\u00fcgung: Zahlungsdienstleistern, Unternehmen, die Post- und Kurierdienste anbieten, und Steuerbeh\u00f6rden.<\/span><\/p>\n<p><span style=\"font-weight: 400;\">8. Personenbezogene Daten k\u00f6nnen zur Verarbeitung an Stellen weitergegeben werden, die Daten f\u00fcr den Verantwortlichen verarbeiten. Der Verantwortliche vertraut die personenbezogenen Daten der Kunden an:\u00a0<\/span><\/p>\n<p><span style=\"font-weight: 400;\">a) IT-Unternehmen, die Hosting-Dienste anbieten, Internet-Domains betreiben und die Computersysteme des Verantwortlichen betreiben,\u00a0<\/span><\/p>\n<p><span style=\"font-weight: 400;\">b) Unternehmen, die Buchhaltungsdienstleistungen anbieten,\u00a0<\/span><\/p>\n<p><span style=\"font-weight: 400;\">c) Unternehmen, die andere Dienstleistungen anbieten, die f\u00fcr den laufenden Betrieb des Verantwortlichen erforderlich sind.<\/span><\/p>\n<p><span style=\"font-weight: 400;\">9. Die personenbezogenen Daten der Kunden werden nicht f\u00fcr Profiling verwendet.<\/span><\/p>\n<p><span style=\"font-weight: 400;\">10. Gem\u00e4\u00df den Bestimmungen der DSGVO haben Kunden das Recht:\u00a0<\/span><\/p>\n<p><span style=\"font-weight: 400;\">a) \u00fcber die Verarbeitung personenbezogener Daten informiert zu werden,\u00a0<\/span><\/p>\n<p><span style=\"font-weight: 400;\">b) auf ihre personenbezogenen Daten zuzugreifen,\u00a0<\/span><\/p>\n<p><span style=\"font-weight: 400;\">c) personenbezogene Daten zu berichtigen, zu erg\u00e4nzen, zu aktualisieren und zu korrigieren,\u00a0<\/span><\/p>\n<p><span style=\"font-weight: 400;\">d) ihre Daten l\u00f6schen zu lassen (Recht auf Vergessenwerden),\u00a0<\/span><\/p>\n<p><span style=\"font-weight: 400;\">e) die Datenverarbeitung einzuschr\u00e4nken,<\/span><\/p>\n<p><span style=\"font-weight: 400;\">f) Daten zu \u00fcbertragen,\u00a0<\/span><\/p>\n<p><span style=\"font-weight: 400;\">g) der Verarbeitung personenbezogener Daten zu widersprechen,\u00a0<\/span><\/p>\n<p><span style=\"font-weight: 400;\">h) im Falle der Rechtsgrundlage in Form der Einwilligung \u2013 das Recht, die Einwilligung jederzeit zu widerrufen, ohne die Rechtm\u00e4\u00dfigkeit der Verarbeitung aufgrund der Einwilligung vor deren Widerruf zu beeintr\u00e4chtigen,\u00a0<\/span><\/p>\n<p><span style=\"font-weight: 400;\">i) nicht Gegenstand von Profiling zu sein,\u00a0<\/span><\/p>\n<p><span style=\"font-weight: 400;\">j) eine Beschwerde bei der Aufsichtsbeh\u00f6rde (d. h. dem Pr\u00e4sidenten des Amtes f\u00fcr den Schutz personenbezogener Daten) einzureichen, wobei die Regeln f\u00fcr die Nutzung und Aus\u00fcbung dieser Rechte zu ber\u00fccksichtigen sind, die sich aus den Bestimmungen der DSGVO ergeben.<\/span><\/p>\n<p><span style=\"font-weight: 400;\">11. Alle Anfragen, W\u00fcnsche und Beschwerden bez\u00fcglich der Verarbeitung personenbezogener Daten durch den Verantwortlichen sind an die E-Mail-Adresse: info@fenbro.com oder schriftlich an die folgende Adresse zu richten: Fenbro sp. z o.o., ul. Ludna 2\/320, 00-406 Warschau.<\/span><\/p>\n<p><span style=\"font-weight: 400;\">12. Der Inhalt der Mitteilung sollte Folgendes deutlich angeben:\u00a0<\/span><\/p>\n<p><span style=\"font-weight: 400;\">a) Daten der Person oder Personen, die von der Mitteilung betroffen sind,\u00a0<\/span><\/p>\n<p><span style=\"font-weight: 400;\">b) das Ereignis, das der Grund f\u00fcr die Mitteilung ist,<\/span><\/p>\n<p><span style=\"font-weight: 400;\">c) die Forderungen und die Rechtsgrundlage f\u00fcr diese Forderungen,\u00a0<\/span><\/p>\n<p><span style=\"font-weight: 400;\">d) die erwartete Art der L\u00f6sung der Angelegenheit.<\/span><\/p>\n<p>&nbsp;<\/p>\n","protected":false},"excerpt":{"rendered":"<p>1. Fenbro sp. z o. o. mit Sitz in Warschau, Ludna 2\/320, 00-406 Warschau, eingetragen im Handelsregister des Amtsgerichts f\u00fcr die Hauptstadt Warschau, 12. Wirtschaftsabteilung des Landesgerichtsregisters, unter der KRS-Nummer: 0000947765, NIP: 7011070120, REGON: 521057577 \u2013 ist der Verantwortliche f\u00fcr die Verarbeitung personenbezogener Daten (im Folgenden &#8222;Verantwortlicher&#8220; genannt) seiner Kunden, mit denen er einen Kauf- [&hellip;]<\/p>\n","protected":false},"author":1,"featured_media":0,"parent":0,"menu_order":0,"comment_status":"closed","ping_status":"closed","template":"","meta":{"_acf_changed":false,"footnotes":""},"class_list":["post-40195","page","type-page","status-publish","hentry"],"acf":[],"yoast_head":"<!-- This site is optimized with the Yoast SEO plugin v26.2 - https:\/\/yoast.com\/wordpress\/plugins\/seo\/ -->\n<title>Datenschutz-Informationsklausel f\u00fcr Kunden - Fenbro<\/title>\n<meta name=\"robots\" content=\"index, follow, max-snippet:-1, max-image-preview:large, max-video-preview:-1\" \/>\n<link rel=\"canonical\" href=\"https:\/\/fenbro.com\/de\/datenschutz-informationsklausel-fuer-kunden\/\" \/>\n<meta property=\"og:locale\" content=\"de_DE\" \/>\n<meta property=\"og:type\" content=\"article\" \/>\n<meta property=\"og:title\" content=\"Datenschutz-Informationsklausel f\u00fcr Kunden - Fenbro\" \/>\n<meta property=\"og:description\" content=\"1. Fenbro sp. z o. o. mit Sitz in Warschau, Ludna 2\/320, 00-406 Warschau, eingetragen im Handelsregister des Amtsgerichts f\u00fcr die Hauptstadt Warschau, 12. Wirtschaftsabteilung des Landesgerichtsregisters, unter der KRS-Nummer: 0000947765, NIP: 7011070120, REGON: 521057577 \u2013 ist der Verantwortliche f\u00fcr die Verarbeitung personenbezogener Daten (im Folgenden &#8222;Verantwortlicher&#8220; genannt) seiner Kunden, mit denen er einen Kauf- [&hellip;]\" \/>\n<meta property=\"og:url\" content=\"https:\/\/fenbro.com\/de\/datenschutz-informationsklausel-fuer-kunden\/\" \/>\n<meta property=\"og:site_name\" content=\"Fenbro\" \/>\n<meta property=\"article:publisher\" content=\"https:\/\/www.facebook.com\/fenbropl\/\" \/>\n<meta property=\"article:modified_time\" content=\"2025-08-18T11:36:21+00:00\" \/>\n<meta name=\"twitter:card\" content=\"summary_large_image\" \/>\n<meta name=\"twitter:site\" content=\"@fenbro_\" \/>\n<meta name=\"twitter:label1\" content=\"Est. reading time\" \/>\n\t<meta name=\"twitter:data1\" content=\"5 Minute\" \/>\n<script type=\"application\/ld+json\" class=\"yoast-schema-graph\">{\"@context\":\"https:\/\/schema.org\",\"@graph\":[{\"@type\":\"WebPage\",\"@id\":\"https:\/\/fenbro.com\/de\/datenschutz-informationsklausel-fuer-kunden\/\",\"url\":\"https:\/\/fenbro.com\/de\/datenschutz-informationsklausel-fuer-kunden\/\",\"name\":\"Datenschutz-Informationsklausel f\u00fcr Kunden - Fenbro\",\"isPartOf\":{\"@id\":\"https:\/\/test.fenbro.com\/de\/#website\"},\"datePublished\":\"2024-06-21T15:46:34+00:00\",\"dateModified\":\"2025-08-18T11:36:21+00:00\",\"breadcrumb\":{\"@id\":\"https:\/\/fenbro.com\/de\/datenschutz-informationsklausel-fuer-kunden\/#breadcrumb\"},\"inLanguage\":\"de-DE\",\"potentialAction\":[{\"@type\":\"ReadAction\",\"target\":[\"https:\/\/fenbro.com\/de\/datenschutz-informationsklausel-fuer-kunden\/\"]}]},{\"@type\":\"BreadcrumbList\",\"@id\":\"https:\/\/fenbro.com\/de\/datenschutz-informationsklausel-fuer-kunden\/#breadcrumb\",\"itemListElement\":[{\"@type\":\"ListItem\",\"position\":1,\"name\":\"Fenbro\",\"item\":\"https:\/\/fenbro.com\/de\/\"},{\"@type\":\"ListItem\",\"position\":2,\"name\":\"Datenschutz-Informationsklausel f\u00fcr Kunden\"}]},{\"@type\":\"WebSite\",\"@id\":\"https:\/\/test.fenbro.com\/de\/#website\",\"url\":\"https:\/\/test.fenbro.com\/de\/\",\"name\":\"Fenbro\",\"description\":\"Fenbro\",\"publisher\":{\"@id\":\"https:\/\/test.fenbro.com\/de\/#organization\"},\"potentialAction\":[{\"@type\":\"SearchAction\",\"target\":{\"@type\":\"EntryPoint\",\"urlTemplate\":\"https:\/\/test.fenbro.com\/de\/?s={search_term_string}\"},\"query-input\":{\"@type\":\"PropertyValueSpecification\",\"valueRequired\":true,\"valueName\":\"search_term_string\"}}],\"inLanguage\":\"de-DE\"},{\"@type\":\"Organization\",\"@id\":\"https:\/\/test.fenbro.com\/de\/#organization\",\"name\":\"Fenbro\",\"url\":\"https:\/\/test.fenbro.com\/de\/\",\"logo\":{\"@type\":\"ImageObject\",\"inLanguage\":\"de-DE\",\"@id\":\"https:\/\/test.fenbro.com\/de\/#\/schema\/logo\/image\/\",\"url\":\"https:\/\/fenbro.com\/wp-content\/uploads\/2022\/12\/logo.svg\",\"contentUrl\":\"https:\/\/fenbro.com\/wp-content\/uploads\/2022\/12\/logo.svg\",\"width\":118,\"height\":82,\"caption\":\"Fenbro\"},\"image\":{\"@id\":\"https:\/\/test.fenbro.com\/de\/#\/schema\/logo\/image\/\"},\"sameAs\":[\"https:\/\/www.facebook.com\/fenbropl\/\",\"https:\/\/x.com\/fenbro_\",\"https:\/\/www.instagram.com\/fenbro_\/\",\"https:\/\/www.youtube.com\/channel\/UCXYNAsSRWAbGE8dRU2fc5zw\",\"https:\/\/www.linkedin.com\/company\/75737410\",\"https:\/\/pl.pinterest.com\/fenbro_\/\"]}]}<\/script>\n<!-- \/ Yoast SEO plugin. -->","yoast_head_json":{"title":"Datenschutz-Informationsklausel f\u00fcr Kunden - Fenbro","robots":{"index":"index","follow":"follow","max-snippet":"max-snippet:-1","max-image-preview":"max-image-preview:large","max-video-preview":"max-video-preview:-1"},"canonical":"https:\/\/fenbro.com\/de\/datenschutz-informationsklausel-fuer-kunden\/","og_locale":"de_DE","og_type":"article","og_title":"Datenschutz-Informationsklausel f\u00fcr Kunden - Fenbro","og_description":"1. Fenbro sp. z o. o. mit Sitz in Warschau, Ludna 2\/320, 00-406 Warschau, eingetragen im Handelsregister des Amtsgerichts f\u00fcr die Hauptstadt Warschau, 12. Wirtschaftsabteilung des Landesgerichtsregisters, unter der KRS-Nummer: 0000947765, NIP: 7011070120, REGON: 521057577 \u2013 ist der Verantwortliche f\u00fcr die Verarbeitung personenbezogener Daten (im Folgenden &#8222;Verantwortlicher&#8220; genannt) seiner Kunden, mit denen er einen Kauf- [&hellip;]","og_url":"https:\/\/fenbro.com\/de\/datenschutz-informationsklausel-fuer-kunden\/","og_site_name":"Fenbro","article_publisher":"https:\/\/www.facebook.com\/fenbropl\/","article_modified_time":"2025-08-18T11:36:21+00:00","twitter_card":"summary_large_image","twitter_site":"@fenbro_","twitter_misc":{"Est. reading time":"5 Minute"},"schema":{"@context":"https:\/\/schema.org","@graph":[{"@type":"WebPage","@id":"https:\/\/fenbro.com\/de\/datenschutz-informationsklausel-fuer-kunden\/","url":"https:\/\/fenbro.com\/de\/datenschutz-informationsklausel-fuer-kunden\/","name":"Datenschutz-Informationsklausel f\u00fcr Kunden - Fenbro","isPartOf":{"@id":"https:\/\/test.fenbro.com\/de\/#website"},"datePublished":"2024-06-21T15:46:34+00:00","dateModified":"2025-08-18T11:36:21+00:00","breadcrumb":{"@id":"https:\/\/fenbro.com\/de\/datenschutz-informationsklausel-fuer-kunden\/#breadcrumb"},"inLanguage":"de-DE","potentialAction":[{"@type":"ReadAction","target":["https:\/\/fenbro.com\/de\/datenschutz-informationsklausel-fuer-kunden\/"]}]},{"@type":"BreadcrumbList","@id":"https:\/\/fenbro.com\/de\/datenschutz-informationsklausel-fuer-kunden\/#breadcrumb","itemListElement":[{"@type":"ListItem","position":1,"name":"Fenbro","item":"https:\/\/fenbro.com\/de\/"},{"@type":"ListItem","position":2,"name":"Datenschutz-Informationsklausel f\u00fcr Kunden"}]},{"@type":"WebSite","@id":"https:\/\/test.fenbro.com\/de\/#website","url":"https:\/\/test.fenbro.com\/de\/","name":"Fenbro","description":"Fenbro","publisher":{"@id":"https:\/\/test.fenbro.com\/de\/#organization"},"potentialAction":[{"@type":"SearchAction","target":{"@type":"EntryPoint","urlTemplate":"https:\/\/test.fenbro.com\/de\/?s={search_term_string}"},"query-input":{"@type":"PropertyValueSpecification","valueRequired":true,"valueName":"search_term_string"}}],"inLanguage":"de-DE"},{"@type":"Organization","@id":"https:\/\/test.fenbro.com\/de\/#organization","name":"Fenbro","url":"https:\/\/test.fenbro.com\/de\/","logo":{"@type":"ImageObject","inLanguage":"de-DE","@id":"https:\/\/test.fenbro.com\/de\/#\/schema\/logo\/image\/","url":"https:\/\/fenbro.com\/wp-content\/uploads\/2022\/12\/logo.svg","contentUrl":"https:\/\/fenbro.com\/wp-content\/uploads\/2022\/12\/logo.svg","width":118,"height":82,"caption":"Fenbro"},"image":{"@id":"https:\/\/test.fenbro.com\/de\/#\/schema\/logo\/image\/"},"sameAs":["https:\/\/www.facebook.com\/fenbropl\/","https:\/\/x.com\/fenbro_","https:\/\/www.instagram.com\/fenbro_\/","https:\/\/www.youtube.com\/channel\/UCXYNAsSRWAbGE8dRU2fc5zw","https:\/\/www.linkedin.com\/company\/75737410","https:\/\/pl.pinterest.com\/fenbro_\/"]}]}},"_links":{"self":[{"href":"https:\/\/fenbro.com\/de\/wp-json\/wp\/v2\/pages\/40195","targetHints":{"allow":["GET"]}}],"collection":[{"href":"https:\/\/fenbro.com\/de\/wp-json\/wp\/v2\/pages"}],"about":[{"href":"https:\/\/fenbro.com\/de\/wp-json\/wp\/v2\/types\/page"}],"author":[{"embeddable":true,"href":"https:\/\/fenbro.com\/de\/wp-json\/wp\/v2\/users\/1"}],"replies":[{"embeddable":true,"href":"https:\/\/fenbro.com\/de\/wp-json\/wp\/v2\/comments?post=40195"}],"version-history":[{"count":3,"href":"https:\/\/fenbro.com\/de\/wp-json\/wp\/v2\/pages\/40195\/revisions"}],"predecessor-version":[{"id":46168,"href":"https:\/\/fenbro.com\/de\/wp-json\/wp\/v2\/pages\/40195\/revisions\/46168"}],"wp:attachment":[{"href":"https:\/\/fenbro.com\/de\/wp-json\/wp\/v2\/media?parent=40195"}],"curies":[{"name":"wp","href":"https:\/\/api.w.org\/{rel}","templated":true}]}}