{"id":40199,"date":"2023-02-27T15:26:53","date_gmt":"2023-02-27T14:26:53","guid":{"rendered":"https:\/\/fenbro.com\/?page_id=40199"},"modified":"2025-08-18T13:35:05","modified_gmt":"2025-08-18T11:35:05","slug":"cookie-richtlinie-eu","status":"publish","type":"page","link":"https:\/\/fenbro.com\/de\/cookie-richtlinie-eu\/","title":{"rendered":"Cookie-Richtlinie (EU)"},"content":{"rendered":"<h6><b>I. Definitionen<\/b><\/h6>\n<p>1. Verantwortlicher f\u00fcr personenbezogene Daten<span style=\"font-weight: 400;\"> \u2013 Fenbro sp. z o.o. mit Sitz in Warschau, ul. Ludna 2\/320, 00-406 Warschau, eingetragen im Unternehmerregister, gef\u00fchrt vom Amtsgericht f\u00fcr die Hauptstadt Warschau, 12. Wirtschaftsabteilung des Landesgerichtsregisters, KRS-Nummer: 0000947765, NIP: 7011070120, REGON: 521057577, E-Mail-Adresse: info@fenbro.com.<\/span><\/p>\n<p>2. Cookies<span style=\"font-weight: 400;\"> \u2013 IT-Daten, kleine Textdateien, die von den von Ihnen besuchten Websites gespeichert und auf den Ger\u00e4ten, \u00fcber die Sie die Website des <\/span><span style=\"font-weight: 400;\">Administrators <\/span><span style=\"font-weight: 400;\">nutzen, gespeichert werden. Die in den Cookies enthaltenen Informationen sind f\u00fcr das ordnungsgem\u00e4\u00dfe Funktionieren der Website erforderlich, und diese Dateien sind verschl\u00fcsselt, was verhindert, dass sie unbefugten Personen zug\u00e4nglich gemacht werden. Die in den Cookies gesammelten Informationen k\u00f6nnen vom <\/span><span style=\"font-weight: 400;\">Administrator <\/span><span style=\"font-weight: 400;\">und seinen Vertragspartnern (aus technischen Gr\u00fcnden) gelesen werden.<\/span><\/p>\n<p>3. Ger\u00e4t<span style=\"font-weight: 400;\"> \u2013 ein elektronisches Ger\u00e4t, \u00fcber das Sie Zugriff auf die Website des Administrators erhalten.<\/span><\/p>\n<p>4. Nutzer<span style=\"font-weight: 400;\"> \u2013 jede Person, die die Website<\/span><a href=\"http:\/\/www.fenbro.com\"> <span style=\"font-weight: 400;\">www.fenbro.com<\/span><\/a><span style=\"font-weight: 400;\">\/de<\/span><span style=\"font-weight: 400;\"> besucht.<\/span><\/p>\n<p>5. Website<span style=\"font-weight: 400;\"> \u2013<\/span><a href=\"http:\/\/www.fenbro.com\"> <span style=\"font-weight: 400;\">www.fenbro.com<\/span><\/a><span style=\"font-weight: 400;\">\/de<\/span><span style=\"font-weight: 400;\"> mit Unterseiten.<\/span><\/p>\n<p>&nbsp;<\/p>\n<h6><b>II. Verwendung von Cookies<\/b><\/h6>\n<p><span style=\"font-weight: 400;\">1. Die Website des Administrators verwendet Cookies<\/span><\/p>\n<p><span style=\"font-weight: 400;\">2. Der Einsatz von Cookies erfolgt ausschlie\u00dflich auf Grundlage der Einwilligung des Nutzers.<\/span><\/p>\n<p><span style=\"font-weight: 400;\">3. Die durch Cookies erfassten Daten dienen dazu, die Website zu verbessern, Statistiken zu erstellen, Funktionen bereitzustellen, Werbung anzuzeigen und Social-Media-Funktionen zu erm\u00f6glichen.<\/span><\/p>\n<p><span style=\"font-weight: 400;\">4. Cookies speichern Informationen \u00fcber die Nutzung der Website, um das Ger\u00e4t des Nutzers wiederzuerkennen und die Website an seine individuellen Bed\u00fcrfnisse anzupassen.<\/span><\/p>\n<p><span style=\"font-weight: 400;\">5. Die auf unserer Website eingesetzten Technologien sind sicher und stellen keine Gefahr f\u00fcr Ihre Ger\u00e4te dar. Es besteht kein Risiko, dass sch\u00e4dliche Software auf Ihr Ger\u00e4t gelangt.<\/span><\/p>\n<p><span style=\"font-weight: 400;\">6. Der Administrator verwendet zwei Arten von Cookies <\/span><\/p>\n<p><span style=\"font-weight: 400;\">a) <\/span><b>Sitzungscookies (Session Cookies):<\/b><span style=\"font-weight: 400;\"> Diese Dateien werden tempor\u00e4r auf Ihrem Ger\u00e4t gespeichert, solange Sie die Website besuchen. Sobald Sie die Website verlassen oder Ihren Browser schlie\u00dfen, werden diese Cookies automatisch gel\u00f6scht. Sitzungscookies sammeln keine personenbezogenen Daten oder vertraulichen Informationen von Ihrem Ger\u00e4t.<\/span><\/p>\n<p><span style=\"font-weight: 400;\">b) <\/span><b>Dauerhafte Cookies (Persistent Cookies):<\/b><span style=\"font-weight: 400;\"> Diese Cookies bleiben f\u00fcr einen l\u00e4ngeren Zeitraum auf Ihrem Ger\u00e4t gespeichert, auch nachdem Sie die Website verlassen oder Ihren Browser geschlossen haben. Die Speicherdauer ist entweder in den Cookie-Einstellungen festgelegt oder bis Sie die Cookies manuell l\u00f6schen. Dauerhafte Cookies k\u00f6nnen dazu verwendet werden, Ihre Pr\u00e4ferenzen oder Einstellungen f\u00fcr zuk\u00fcnftige Besuche der Website zu speichern.<\/span><\/p>\n<p><span style=\"font-weight: 400;\">7. Je nach Herkunft der Daten verwendet der Administrator folgende Cookies:<\/span><\/p>\n<p><span style=\"font-weight: 400;\">a) <\/span><b>Erstanbieter-Cookies (First-Party-Cookies):<\/b><span style=\"font-weight: 400;\"> Dies sind Dateien, die direkt von der Website erstellt und vom Administrator auf der Website platziert werden (z. B. notwendige Cookies).<\/span><\/p>\n<p><span style=\"font-weight: 400;\">b) <\/span><b>Drittanbieter-Cookies (Third-Party-Cookies):<\/b><span style=\"font-weight: 400;\"> Diese Cookies stammen von externen Servern, wie beispielsweise von Werbeunternehmen oder Anbietern von Navigationsdiensten (Karten oder Suchmaschinen). Drittanbieter-Cookies erm\u00f6glichen es, die Effektivit\u00e4t von Werbekampagnen zu messen und die damit verbundenen Aktivit\u00e4ten an die Vorlieben der Nutzer anzupassen (z. B. analytische Cookies).<\/span><\/p>\n<p>8. <span style=\"font-weight: 400;\">Cookies werden je nach ihrer Funktion auf der Website unterteilt:<\/span><\/p>\n<p><span style=\"font-weight: 400;\">a) <\/span><b>Technische\/notwendige Cookies:<\/b><span style=\"font-weight: 400;\"> Diese Cookies sind unerl\u00e4sslich, um die grundlegende Funktionalit\u00e4t der Website zu gew\u00e4hrleisten. Sie erm\u00f6glichen beispielsweise: <\/span><span style=\"font-weight: 400;\">Die korrekte Darstellung der Website, angepasst an Ihr Ger\u00e4t und Ihre Einstellungen; <\/span><span style=\"font-weight: 400;\">Die Bereitstellung von technisch wichtigen Inhalten, wie z. B. die Sprachauswahl; <\/span><span style=\"font-weight: 400;\">Das Speichern Ihrer Zustimmung zur Anzeige bestimmter Inhalte.<\/span><\/p>\n<p><span style=\"font-weight: 400;\">b) <\/span><b>Analytische Cookies:<\/b><span style=\"font-weight: 400;\"> Dateien, die verwendet werden, um die Wirksamkeit unserer Marketingaktivit\u00e4ten zu messen, ohne die pers\u00f6nlichen Daten der Nutzer zu identifizieren, und um die Funktionalit\u00e4t unserer Website zu verbessern. Dazu geh\u00f6ren: die Analyse der Website-Nutzungsstatistiken und die \u00dcberpr\u00fcfung der Herkunft des Website-Traffics (sogenannte Weiterleitungsquellen); das Erkennen von Missbrauch beim Website-Traffic (z. B. k\u00fcnstlicher Internetverkehr \u2013 Bots); sowie die Messung der Effektivit\u00e4t von f\u00fcr den Administrator durchgef\u00fchrten Ma\u00dfnahmen, z. B. im Google-Werbenetzwerk oder auf externen Websites.<\/span><\/p>\n<p><span style=\"font-weight: 400;\">c) <\/span><b>Funktionale Cookies:<\/b><span style=\"font-weight: 400;\"> Diese Cookies speichern Ihre individuellen Einstellungen und Pr\u00e4ferenzen auf der Website, wie z. B. Hintergrundfarbe, Sprache oder Warenkorb. So m\u00fcssen Sie diese Einstellungen nicht bei jedem Besuch erneut vornehmen, und die Website wird Ihren Bed\u00fcrfnissen entsprechend angepasst. Funktionale Cookies sind in der Regel dauerhafte Cookies.<\/span><\/p>\n<p><span style=\"font-weight: 400;\">d) <\/span><b>Marketing-\/Werbecookies:<\/b><span style=\"font-weight: 400;\"> Diese Cookies verfolgen Ihre Interessen und Vorlieben, um Ihnen personalisierte Werbung anzuzeigen. Sie werden auf Ihrem Ger\u00e4t gespeichert und k\u00f6nnen dazu f\u00fchren, dass Ihnen auf anderen Websites gezielte Anzeigen pr\u00e4sentiert werden (Remarketing). Wenn Sie diesen Cookies nicht zustimmen, hat dies keine negativen Auswirkungen auf die Nutzung unserer Website.<\/span><\/p>\n<p><span style=\"font-weight: 400;\">e) <\/span><b>Soziale Cookies<\/b><span style=\"font-weight: 400;\"> \u2013 Cookies, die durch das Einf\u00fcgen von Links zu bestimmten sozialen Medien installiert werden. Der Zweck der Installation dieser Dateien besteht darin, den Nutzern die Verbindung zu ihren registrierten sozialen Medienprofilen zu erm\u00f6glichen.<\/span><\/p>\n<p><span style=\"font-weight: 400;\">f) <\/span><b>Leistungs-Cookies:<\/b><span style=\"font-weight: 400;\"> Diese Cookies helfen uns, die wichtigsten Leistungsindikatoren der Website zu verstehen und zu analysieren. Dadurch k\u00f6nnen wir das Benutzererlebnis f\u00fcr unsere Besucher kontinuierlich verbessern.<\/span><\/p>\n<p><span style=\"font-weight: 400;\">g) <\/span><b>Unkategorisierte Cookies<\/b><span style=\"font-weight: 400;\"> \u2013 andere, noch nicht kategorisierte Cookies, die derzeit analysiert werden und noch keiner Kategorie zugeordnet wurden.<\/span><\/p>\n<p><span style=\"font-weight: 400;\">9. Der Nutzer kann Cookies jederzeit aus dem Browser l\u00f6schen.<\/span><\/p>\n<p>&nbsp;<\/p>\n<h6><b>III. METHODEN ZUR FESTLEGUNG DER BEDINGUNGEN F\u00dcR DAS SPEICHERN ODER DEN ZUGRIFF AUF COOKIES<\/b><\/h6>\n<p><span style=\"font-weight: 400;\">1. Der Nutzer hat die M\u00f6glichkeit, den Zugriff von Cookies auf sein\/ihr Ger\u00e4t einzuschr\u00e4nken oder zu deaktivieren. Wenn Sie Cookies einschr\u00e4nken oder deaktivieren, k\u00f6nnen bestimmte Funktionen der Website m\u00f6glicherweise nicht vollst\u00e4ndig genutzt werden.<\/span><\/p>\n<p><span style=\"font-weight: 400;\">2. Der Nutzer kann die Cookie-Einstellungen jederzeit eigenst\u00e4ndig \u00e4ndern und dabei die Bedingungen f\u00fcr deren Speicherung und den Zugriff auf das Ger\u00e4t des Nutzers festlegen.<\/span><\/p>\n<p><span style=\"font-weight: 400;\">3. Der Nutzer kann die oben genannten Einstellungen \u00fcber die Einstellungen des Webbrowsers oder durch die Konfiguration des Dienstes \u00e4ndern. Diese Einstellungen k\u00f6nnen insbesondere so ge\u00e4ndert werden, dass die automatische Handhabung von Cookies in den Einstellungen des Webbrowsers blockiert oder jedes Mal eine Benachrichtigung angezeigt wird, wenn sie auf dem Ger\u00e4t gespeichert werden. Detaillierte Informationen zu den M\u00f6glichkeiten und Methoden der Handhabung von Cookies finden Sie in den Einstellungen der Software (Webbrowser). Nachfolgend finden Sie Links zu Informationen dar\u00fcber, wie Sie Cookies in einigen der beliebtesten Webbrowser l\u00f6schen k\u00f6nnen:<\/span><span style=\"font-weight: 400;\"><br \/>\n<\/span><span style=\"font-weight: 400;\">a) Google Chrome;<\/span><span style=\"font-weight: 400;\"><br \/>\n<\/span><span style=\"font-weight: 400;\">b) Mozilla Firefox;<\/span><span style=\"font-weight: 400;\"><br \/>\n<\/span><span style=\"font-weight: 400;\">c) Microsoft Edge.<\/span><\/p>\n<p><span style=\"font-weight: 400;\">4. Der Nutzer kann Cookies jederzeit \u00fcber die verf\u00fcgbaren Funktionen des Webbrowsers, den er verwendet, l\u00f6schen.<\/span><\/p>\n<p><span style=\"font-weight: 400;\">5. Die Einschr\u00e4nkung der Verwendung von Cookies kann sich auf einige der auf der Website des Administrators verf\u00fcgbaren Funktionen auswirken.<\/span><\/p>\n","protected":false},"excerpt":{"rendered":"<p>I. Definitionen 1. Verantwortlicher f\u00fcr personenbezogene Daten \u2013 Fenbro sp. z o.o. mit Sitz in Warschau, ul. Ludna 2\/320, 00-406 Warschau, eingetragen im Unternehmerregister, gef\u00fchrt vom Amtsgericht f\u00fcr die Hauptstadt Warschau, 12. Wirtschaftsabteilung des Landesgerichtsregisters, KRS-Nummer: 0000947765, NIP: 7011070120, REGON: 521057577, E-Mail-Adresse: info@fenbro.com. 2. Cookies \u2013 IT-Daten, kleine Textdateien, die von den von Ihnen besuchten [&hellip;]<\/p>\n","protected":false},"author":1,"featured_media":0,"parent":0,"menu_order":0,"comment_status":"closed","ping_status":"closed","template":"","meta":{"_acf_changed":false,"footnotes":""},"class_list":["post-40199","page","type-page","status-publish","hentry"],"acf":[],"yoast_head":"<!-- This site is optimized with the Yoast SEO plugin v26.2 - https:\/\/yoast.com\/wordpress\/plugins\/seo\/ -->\n<title>Cookie-Richtlinie (EU) - Fenbro<\/title>\n<meta name=\"robots\" content=\"index, follow, max-snippet:-1, max-image-preview:large, max-video-preview:-1\" \/>\n<link rel=\"canonical\" href=\"https:\/\/fenbro.com\/de\/cookie-richtlinie-eu\/\" \/>\n<meta property=\"og:locale\" content=\"de_DE\" \/>\n<meta property=\"og:type\" content=\"article\" \/>\n<meta property=\"og:title\" content=\"Cookie-Richtlinie (EU) - Fenbro\" \/>\n<meta property=\"og:description\" content=\"I. Definitionen 1. Verantwortlicher f\u00fcr personenbezogene Daten \u2013 Fenbro sp. z o.o. mit Sitz in Warschau, ul. Ludna 2\/320, 00-406 Warschau, eingetragen im Unternehmerregister, gef\u00fchrt vom Amtsgericht f\u00fcr die Hauptstadt Warschau, 12. Wirtschaftsabteilung des Landesgerichtsregisters, KRS-Nummer: 0000947765, NIP: 7011070120, REGON: 521057577, E-Mail-Adresse: info@fenbro.com. 2. Cookies \u2013 IT-Daten, kleine Textdateien, die von den von Ihnen besuchten [&hellip;]\" \/>\n<meta property=\"og:url\" content=\"https:\/\/fenbro.com\/de\/cookie-richtlinie-eu\/\" \/>\n<meta property=\"og:site_name\" content=\"Fenbro\" \/>\n<meta property=\"article:publisher\" content=\"https:\/\/www.facebook.com\/fenbropl\/\" \/>\n<meta property=\"article:modified_time\" content=\"2025-08-18T11:35:05+00:00\" \/>\n<meta name=\"twitter:card\" content=\"summary_large_image\" \/>\n<meta name=\"twitter:site\" content=\"@fenbro_\" \/>\n<meta name=\"twitter:label1\" content=\"Est. reading time\" \/>\n\t<meta name=\"twitter:data1\" content=\"5 Minute\" \/>\n<script type=\"application\/ld+json\" class=\"yoast-schema-graph\">{\"@context\":\"https:\/\/schema.org\",\"@graph\":[{\"@type\":\"WebPage\",\"@id\":\"https:\/\/fenbro.com\/de\/cookie-richtlinie-eu\/\",\"url\":\"https:\/\/fenbro.com\/de\/cookie-richtlinie-eu\/\",\"name\":\"Cookie-Richtlinie (EU) - Fenbro\",\"isPartOf\":{\"@id\":\"https:\/\/test.fenbro.com\/de\/#website\"},\"datePublished\":\"2023-02-27T14:26:53+00:00\",\"dateModified\":\"2025-08-18T11:35:05+00:00\",\"breadcrumb\":{\"@id\":\"https:\/\/fenbro.com\/de\/cookie-richtlinie-eu\/#breadcrumb\"},\"inLanguage\":\"de-DE\",\"potentialAction\":[{\"@type\":\"ReadAction\",\"target\":[\"https:\/\/fenbro.com\/de\/cookie-richtlinie-eu\/\"]}]},{\"@type\":\"BreadcrumbList\",\"@id\":\"https:\/\/fenbro.com\/de\/cookie-richtlinie-eu\/#breadcrumb\",\"itemListElement\":[{\"@type\":\"ListItem\",\"position\":1,\"name\":\"Fenbro\",\"item\":\"https:\/\/fenbro.com\/de\/\"},{\"@type\":\"ListItem\",\"position\":2,\"name\":\"Cookie-Richtlinie (EU)\"}]},{\"@type\":\"WebSite\",\"@id\":\"https:\/\/test.fenbro.com\/de\/#website\",\"url\":\"https:\/\/test.fenbro.com\/de\/\",\"name\":\"Fenbro\",\"description\":\"Fenbro\",\"publisher\":{\"@id\":\"https:\/\/test.fenbro.com\/de\/#organization\"},\"potentialAction\":[{\"@type\":\"SearchAction\",\"target\":{\"@type\":\"EntryPoint\",\"urlTemplate\":\"https:\/\/test.fenbro.com\/de\/?s={search_term_string}\"},\"query-input\":{\"@type\":\"PropertyValueSpecification\",\"valueRequired\":true,\"valueName\":\"search_term_string\"}}],\"inLanguage\":\"de-DE\"},{\"@type\":\"Organization\",\"@id\":\"https:\/\/test.fenbro.com\/de\/#organization\",\"name\":\"Fenbro\",\"url\":\"https:\/\/test.fenbro.com\/de\/\",\"logo\":{\"@type\":\"ImageObject\",\"inLanguage\":\"de-DE\",\"@id\":\"https:\/\/test.fenbro.com\/de\/#\/schema\/logo\/image\/\",\"url\":\"https:\/\/fenbro.com\/wp-content\/uploads\/2022\/12\/logo.svg\",\"contentUrl\":\"https:\/\/fenbro.com\/wp-content\/uploads\/2022\/12\/logo.svg\",\"width\":118,\"height\":82,\"caption\":\"Fenbro\"},\"image\":{\"@id\":\"https:\/\/test.fenbro.com\/de\/#\/schema\/logo\/image\/\"},\"sameAs\":[\"https:\/\/www.facebook.com\/fenbropl\/\",\"https:\/\/x.com\/fenbro_\",\"https:\/\/www.instagram.com\/fenbro_\/\",\"https:\/\/www.youtube.com\/channel\/UCXYNAsSRWAbGE8dRU2fc5zw\",\"https:\/\/www.linkedin.com\/company\/75737410\",\"https:\/\/pl.pinterest.com\/fenbro_\/\"]}]}<\/script>\n<!-- \/ Yoast SEO plugin. -->","yoast_head_json":{"title":"Cookie-Richtlinie (EU) - Fenbro","robots":{"index":"index","follow":"follow","max-snippet":"max-snippet:-1","max-image-preview":"max-image-preview:large","max-video-preview":"max-video-preview:-1"},"canonical":"https:\/\/fenbro.com\/de\/cookie-richtlinie-eu\/","og_locale":"de_DE","og_type":"article","og_title":"Cookie-Richtlinie (EU) - Fenbro","og_description":"I. Definitionen 1. Verantwortlicher f\u00fcr personenbezogene Daten \u2013 Fenbro sp. z o.o. mit Sitz in Warschau, ul. Ludna 2\/320, 00-406 Warschau, eingetragen im Unternehmerregister, gef\u00fchrt vom Amtsgericht f\u00fcr die Hauptstadt Warschau, 12. Wirtschaftsabteilung des Landesgerichtsregisters, KRS-Nummer: 0000947765, NIP: 7011070120, REGON: 521057577, E-Mail-Adresse: info@fenbro.com. 2. Cookies \u2013 IT-Daten, kleine Textdateien, die von den von Ihnen besuchten [&hellip;]","og_url":"https:\/\/fenbro.com\/de\/cookie-richtlinie-eu\/","og_site_name":"Fenbro","article_publisher":"https:\/\/www.facebook.com\/fenbropl\/","article_modified_time":"2025-08-18T11:35:05+00:00","twitter_card":"summary_large_image","twitter_site":"@fenbro_","twitter_misc":{"Est. reading time":"5 Minute"},"schema":{"@context":"https:\/\/schema.org","@graph":[{"@type":"WebPage","@id":"https:\/\/fenbro.com\/de\/cookie-richtlinie-eu\/","url":"https:\/\/fenbro.com\/de\/cookie-richtlinie-eu\/","name":"Cookie-Richtlinie (EU) - Fenbro","isPartOf":{"@id":"https:\/\/test.fenbro.com\/de\/#website"},"datePublished":"2023-02-27T14:26:53+00:00","dateModified":"2025-08-18T11:35:05+00:00","breadcrumb":{"@id":"https:\/\/fenbro.com\/de\/cookie-richtlinie-eu\/#breadcrumb"},"inLanguage":"de-DE","potentialAction":[{"@type":"ReadAction","target":["https:\/\/fenbro.com\/de\/cookie-richtlinie-eu\/"]}]},{"@type":"BreadcrumbList","@id":"https:\/\/fenbro.com\/de\/cookie-richtlinie-eu\/#breadcrumb","itemListElement":[{"@type":"ListItem","position":1,"name":"Fenbro","item":"https:\/\/fenbro.com\/de\/"},{"@type":"ListItem","position":2,"name":"Cookie-Richtlinie (EU)"}]},{"@type":"WebSite","@id":"https:\/\/test.fenbro.com\/de\/#website","url":"https:\/\/test.fenbro.com\/de\/","name":"Fenbro","description":"Fenbro","publisher":{"@id":"https:\/\/test.fenbro.com\/de\/#organization"},"potentialAction":[{"@type":"SearchAction","target":{"@type":"EntryPoint","urlTemplate":"https:\/\/test.fenbro.com\/de\/?s={search_term_string}"},"query-input":{"@type":"PropertyValueSpecification","valueRequired":true,"valueName":"search_term_string"}}],"inLanguage":"de-DE"},{"@type":"Organization","@id":"https:\/\/test.fenbro.com\/de\/#organization","name":"Fenbro","url":"https:\/\/test.fenbro.com\/de\/","logo":{"@type":"ImageObject","inLanguage":"de-DE","@id":"https:\/\/test.fenbro.com\/de\/#\/schema\/logo\/image\/","url":"https:\/\/fenbro.com\/wp-content\/uploads\/2022\/12\/logo.svg","contentUrl":"https:\/\/fenbro.com\/wp-content\/uploads\/2022\/12\/logo.svg","width":118,"height":82,"caption":"Fenbro"},"image":{"@id":"https:\/\/test.fenbro.com\/de\/#\/schema\/logo\/image\/"},"sameAs":["https:\/\/www.facebook.com\/fenbropl\/","https:\/\/x.com\/fenbro_","https:\/\/www.instagram.com\/fenbro_\/","https:\/\/www.youtube.com\/channel\/UCXYNAsSRWAbGE8dRU2fc5zw","https:\/\/www.linkedin.com\/company\/75737410","https:\/\/pl.pinterest.com\/fenbro_\/"]}]}},"_links":{"self":[{"href":"https:\/\/fenbro.com\/de\/wp-json\/wp\/v2\/pages\/40199","targetHints":{"allow":["GET"]}}],"collection":[{"href":"https:\/\/fenbro.com\/de\/wp-json\/wp\/v2\/pages"}],"about":[{"href":"https:\/\/fenbro.com\/de\/wp-json\/wp\/v2\/types\/page"}],"author":[{"embeddable":true,"href":"https:\/\/fenbro.com\/de\/wp-json\/wp\/v2\/users\/1"}],"replies":[{"embeddable":true,"href":"https:\/\/fenbro.com\/de\/wp-json\/wp\/v2\/comments?post=40199"}],"version-history":[{"count":2,"href":"https:\/\/fenbro.com\/de\/wp-json\/wp\/v2\/pages\/40199\/revisions"}],"predecessor-version":[{"id":46166,"href":"https:\/\/fenbro.com\/de\/wp-json\/wp\/v2\/pages\/40199\/revisions\/46166"}],"wp:attachment":[{"href":"https:\/\/fenbro.com\/de\/wp-json\/wp\/v2\/media?parent=40199"}],"curies":[{"name":"wp","href":"https:\/\/api.w.org\/{rel}","templated":true}]}}