{"id":40201,"date":"2021-09-27T09:24:01","date_gmt":"2021-09-27T07:24:01","guid":{"rendered":"https:\/\/fenbro.com\/?page_id=40201"},"modified":"2025-08-18T13:36:00","modified_gmt":"2025-08-18T11:36:00","slug":"datenschutzrichtlinie","status":"publish","type":"page","link":"https:\/\/fenbro.com\/de\/datenschutzrichtlinie\/","title":{"rendered":"Datenschutzrichtlinie"},"content":{"rendered":"<h2><b>DATENSCHUTZERKL\u00c4RUNG DER WEBSITE FENBRO.COM<\/b><\/h2>\n<p><span style=\"font-weight: 400;\">1. Der Verantwortliche f\u00fcr die Verarbeitung personenbezogener Daten auf der Website unter:<\/span><a href=\"https:\/\/fenbro.com\"> <span style=\"font-weight: 400;\">https:\/\/fenbro.com<\/span><\/a><span style=\"font-weight: 400;\">\/de, im Folgenden als &#8222;Website&#8220; bezeichnet, ist die Fenbro Sp. z o.o. mit Sitz in Ludna 2\/320, 00-406 Warschau, eingetragen im Handelsregister des Amtsgerichts f\u00fcr die Hauptstadt Warschau, 12. Wirtschaftsabteilung des Landesgerichtsregisters, unter der KRS-Nummer: 0000947765, NIP: 7011070120, REGON: 521057577, Stammkapital: 100.000 PLN (vollst\u00e4ndig eingezahlt), im Folgenden als &#8222;Verantwortlicher&#8220; bezeichnet.<\/span><\/p>\n<p><span style=\"font-weight: 400;\">2. Alle Anfragen, Ersuchen oder Beschwerden in Bezug auf die Verarbeitung personenbezogener Daten durch den Verantwortlichen, im Folgenden als &#8222;Mitteilungen&#8220; bezeichnet, sind per E-Mail an info@fenbro.com oder schriftlich an folgende Adresse zu richten: Fenbro Sp. z o.o., Ludna 2\/320, 00-406 Warschau. Der Inhalt der Mitteilung muss eindeutig folgende Punkte enthalten:<\/span><\/p>\n<p><span style=\"font-weight: 400;\">a) Angaben zu der Person oder den betroffenen Personen,<\/span><\/p>\n<p><span style=\"font-weight: 400;\">b) den Vorfall, der Anlass zur Mitteilung gibt,<\/span><\/p>\n<p><span style=\"font-weight: 400;\">c) Forderungen und die rechtliche Grundlage f\u00fcr diese Forderungen,<\/span><\/p>\n<p><span style=\"font-weight: 400;\">d) die erwartete L\u00f6sung des Anliegens.<\/span><\/p>\n<p><span style=\"font-weight: 400;\">3. Wir erfassen auf unserer Website folgende personenbezogene Daten:<\/span><\/p>\n<p><span style=\"font-weight: 400;\">a) Name, Telefonnummer, E-Mail-Adresse \u2013 sie k\u00f6nnen verarbeitet werden, wenn Sie uns diese Daten als Nutzer der Website \u00fcber das Kontaktformular, den Chat auf der Website, per E-Mail, telefonisch oder per Post zur Verf\u00fcgung stellen,<\/span><\/p>\n<p><span style=\"font-weight: 400;\">b) IP-Adresse des Ger\u00e4ts und ggf. personenbezogene Daten, die in Cookies enthalten sind \u2013 Informationen, die sich aus den allgemeinen Prinzipien der Internetverbindungen ergeben, wie die IP-Adresse (und andere Informationen, die in Systemprotokollen enthalten sind), werden zu technischen und statistischen Zwecken verwendet, insbesondere zur Erhebung allgemeiner demografischer Daten (z. B. \u00fcber die Region, aus der die Verbindung stammt). Solche Daten werden auch f\u00fcr Marketing- und Analysezwecke verwendet, sofern die Zustimmung gem\u00e4\u00df Art. 173 Abs. 1 des Telekommunikationsgesetzes erteilt wurde,<\/span><\/p>\n<p><span style=\"font-weight: 400;\">c) ggf. k\u00f6nnen andere Daten im Rahmen der Bearbeitung bestimmter Angelegenheiten erhoben oder Nutzern der Website per E-Mail, Kontaktformular, Post oder telefonisch zur Verf\u00fcgung gestellt werden.<\/span><\/p>\n<p><span style=\"font-weight: 400;\">4. Jede Person, die unsere Website nutzt, hat die M\u00f6glichkeit zu entscheiden, ob und in welchem Umfang sie unsere Dienstleistungen in Anspruch nehmen und Informationen und Daten \u00fcber sich selbst weitergeben m\u00f6chte, im Rahmen der in dieser Datenschutzerkl\u00e4rung festgelegten Bedingungen.<\/span><\/p>\n<p><span style=\"font-weight: 400;\">5. Wir verarbeiten personenbezogene Daten zu folgenden Zwecken:<\/span><\/p>\n<p><span style=\"font-weight: 400;\">a) Abschluss und Erf\u00fcllung von Vertr\u00e4gen im Zusammenhang mit den von uns angebotenen Dienstleistungen (Art. 6 Abs. 1 lit. b DSGVO) \u2013 in diesem Zusammenhang werden die Daten nicht mehr verarbeitet, wenn der Vertrag abgeschlossen ist,<\/span><\/p>\n<p><span style=\"font-weight: 400;\">b) Erf\u00fcllung rechtlicher Pflichten des Verantwortlichen, insbesondere in Bezug auf Buchf\u00fchrung und Rechnungsstellung (Art. 6 Abs. 1 lit. c DSGVO) \u2013 in diesem Zusammenhang werden die personenbezogenen Daten nach Erf\u00fcllung der jeweiligen rechtlichen Pflichten gel\u00f6scht,<\/span><\/p>\n<p><span style=\"font-weight: 400;\">c) Versendung von Marketinginhalten \u00fcber den Verantwortlichen und Durchf\u00fchrung von Website-Analysen im Zusammenhang mit der Nutzung von Cookies (Art. 6 Abs. 1 lit. a DSGVO) \u2013 in diesem Zusammenhang werden die personenbezogenen Daten bis zum Ende der Sitzung oder bis zum L\u00f6schen der Cookies oder dem Widerruf der Zustimmung oder Widerspruch gegen die Verarbeitung zu diesem Zweck verarbeitet,<\/span><\/p>\n<p><span style=\"font-weight: 400;\">d) Betrieb der Website (Art. 6 Abs. 1 lit. f DSGVO in Verbindung mit Art. 173 Abs. 1 Telekommunikationsgesetz) \u2013 in diesem Zusammenhang werden die personenbezogenen Daten nach Ablauf der Cookies oder L\u00f6schung der Cookies bzw. Beendigung der Sitzung nicht mehr verarbeitet,<\/span><\/p>\n<p><span style=\"font-weight: 400;\">e) fortlaufende Kommunikation im Zusammenhang mit dem Betrieb der Website (Art. 6 Abs. 1 lit. f DSGVO, berechtigtes Interesse des Verantwortlichen) \u2013 in diesem Zusammenhang werden Ihre personenbezogenen Daten nicht mehr verarbeitet, sobald Ihre Frage oder Fragen beantwortet wurden,<\/span><\/p>\n<p><span style=\"font-weight: 400;\">f) Geltendmachung und Verteidigung von Rechtsanspr\u00fcchen (Art. 6 Abs. 1 lit. f DSGVO, berechtigtes Interesse des Verantwortlichen) \u2013 in diesem Zusammenhang werden personenbezogene Daten gel\u00f6scht, wenn die Verj\u00e4hrungsfrist f\u00fcr Anspr\u00fcche abgelaufen ist, in der Regel nach 3 Jahren.<\/span><\/p>\n<p><span style=\"font-weight: 400;\">6. Quelle der vom Verantwortlichen verarbeiteten personenbezogenen Daten sind die betroffenen Personen.<\/span><\/p>\n<p><span style=\"font-weight: 400;\">7. Wenn es auf der Website Schaltfl\u00e4chen oder Funktionen gibt, die auf externe Websites, Anwendungen oder soziale Medien verlinken, besteht eine gemeinsame Verantwortung zwischen dem Verantwortlichen dieser Website und dem Betreiber der externen Website. Die gemeinsame Verantwortung ist auf die Datenverarbeitung im Rahmen des Betriebs der jeweiligen Schaltfl\u00e4che oder Funktion beschr\u00e4nkt. Der Verantwortliche \u00fcbernimmt keine Verantwortung f\u00fcr die Datenschutzrichtlinien anderer Organisationen oder Anbieter sozialer Netzwerke. Unsere gemeinsamen Verantwortlichen sind:<\/span><\/p>\n<p><span style=\"font-weight: 400;\">a) Meta Platforms Ireland Ltd. (Facebook, Messenger, Instagram, Facebook Pixel Tool), mit Sitz in 4 Grand Canal Square, Grand Canal Harbour, Dublin 2, Irland,<\/span><\/p>\n<p><span style=\"font-weight: 400;\">b) Pinterest Europe Limited (Pinterest), mit Sitz in 2nd Floor Palmerston House, Fenian Street, Dublin 2, Irland,<\/span><\/p>\n<p><span style=\"font-weight: 400;\">c) Google Ireland Ltd. (YouTube, Google Maps), mit Sitz in Google Building Gordon House, 4 Barrow St, Grand Canal Dock, Dublin 4, Irland,<\/span><\/p>\n<p><span style=\"font-weight: 400;\">d) Twitter International Unlimited Company (Twitter), mit Sitz in Fenian Street, Dublin 2, Irland,<\/span><\/p>\n<p><span style=\"font-weight: 400;\">e) LinkedIn Ireland Unlimited Company (LinkedIn), mit Sitz in Wilton Place, Dublin 2, Irland.<\/span><\/p>\n<p><span style=\"font-weight: 400;\">8. Der Verantwortliche verwendet Tools von Google Ireland Ltd. (Google Workspace, Google Analytics, Google Ads, Google DoubleClick) und Tidio LLC (Live-Chat). Daten, die im Rahmen der Nutzung dieser Tools verarbeitet werden, werden in der Regel auf Servern innerhalb des EWR (Europ\u00e4ischer Wirtschaftsraum) gespeichert. Entit\u00e4ten, die diese Tools bereitstellen, k\u00f6nnen jedoch verpflichtet sein, Daten an Dritte weiterzugeben, wenn dies gesetzlich vorgeschrieben ist oder aufgrund der Art der bereitgestellten Dienste (SaaS, Hosting etc.) erforderlich ist. Die \u00dcbermittlung personenbezogener Daten in die USA erfolgt auf Grundlage des Angemessenheitsbeschlusses der Europ\u00e4ischen Kommission vom 10. Juli 2023 gem\u00e4\u00df dem EU-US-Datenschutzrahmen (Art. 45 Abs. 1 DSGVO). Google LLC und Tidio LLC erf\u00fcllen die Entscheidungskriterien und sind im Datenschutzrahmenprogramm gelistet, abrufbar unter:<\/span><a href=\"https:\/\/www.dataprivacyframework.gov\/s\/participant-search\"> <span style=\"font-weight: 400;\">https:\/\/www.dataprivacyframework.gov\/s\/participant-search<\/span><\/a><span style=\"font-weight: 400;\">. Wir geben keine personenbezogenen Daten ohne ausdr\u00fcckliche Zustimmung der betroffenen Person an Dritte weiter. Ohne die Zustimmung der betroffenen Person k\u00f6nnen personenbezogene Daten nur an staatliche Stellen, z. B. Steuerbeh\u00f6rden, Strafverfolgungsbeh\u00f6rden und andere rechtlich befugte Stellen, weitergegeben werden.<\/span><\/p>\n<p><span style=\"font-weight: 400;\">9. Personenbezogene Daten k\u00f6nnen zur Verarbeitung an Dritte weitergegeben werden, die diese Daten in unserem Auftrag verarbeiten. In einem solchen Fall schlie\u00dfen wir als Verantwortlicher einen Auftragsverarbeitungsvertrag mit dem jeweiligen Dienstleister ab. Der Auftragsverarbeiter verarbeitet die ihm \u00fcberlassenen personenbezogenen Daten ausschlie\u00dflich zu den im Vertrag festgelegten Zwecken. Ohne die Auftragsverarbeitung w\u00e4re der Betrieb der Website nicht m\u00f6glich. Insbesondere werden die Daten an folgende Dienstleister \u00fcbermittelt:<\/span><\/p>\n<p><span style=\"font-weight: 400;\">a) Hosting-Anbieter der Website,<\/span><\/p>\n<p><span style=\"font-weight: 400;\">b) E-Mail-Hosting-Anbieter,<\/span><\/p>\n<p><span style=\"font-weight: 400;\">c) Anbieter von Analyse- und Marketing-Tools.<\/span><\/p>\n<p><span style=\"font-weight: 400;\">10. Personenbezogene Daten werden von uns als Verantwortlicher nicht im Sinne der DSGVO profiliert.<\/span><\/p>\n<p><span style=\"font-weight: 400;\">11. Gem\u00e4\u00df den Bestimmungen der DSGVO hat jede betroffene Person das Recht:<\/span><\/p>\n<p><span style=\"font-weight: 400;\">a) auf Auskunft \u00fcber ihre personenbezogenen Daten gem\u00e4\u00df Art. 15 DSGVO,<\/span><\/p>\n<p><span style=\"font-weight: 400;\">b) auf Information \u00fcber die Verarbeitung personenbezogener Daten gem\u00e4\u00df Art. 12 DSGVO,<\/span><\/p>\n<p><span style=\"font-weight: 400;\">c) auf Berichtigung, Erg\u00e4nzung, Aktualisierung und Korrektur personenbezogener Daten gem\u00e4\u00df Art. 16 DSGVO,<\/span><\/p>\n<p><span style=\"font-weight: 400;\">d) auf Widerruf der Einwilligung gem\u00e4\u00df Art. 7 Abs. 3 DSGVO,<\/span><\/p>\n<p><span style=\"font-weight: 400;\">e) auf L\u00f6schung ihrer Daten (Recht auf Vergessenwerden) gem\u00e4\u00df Art. 17 DSGVO,<\/span><\/p>\n<p><span style=\"font-weight: 400;\">f) auf Einschr\u00e4nkung der Verarbeitung gem\u00e4\u00df Art. 18 DSGVO,<\/span><\/p>\n<p><span style=\"font-weight: 400;\">g) auf Daten\u00fcbertragbarkeit gem\u00e4\u00df Art. 20 DSGVO,<\/span><\/p>\n<p><span style=\"font-weight: 400;\">h) auf Widerspruch gegen die Verarbeitung personenbezogener Daten gem\u00e4\u00df Art. 21 DSGVO,<\/span><\/p>\n<p><span style=\"font-weight: 400;\">i) (im Falle der Rechtsgrundlage Einwilligung) die Einwilligung jederzeit zu widerrufen, ohne die Rechtm\u00e4\u00dfigkeit der Verarbeitung vor dem Widerruf zu beeintr\u00e4chtigen,<\/span><\/p>\n<p><span style=\"font-weight: 400;\">j) nicht Gegenstand von Profiling gem\u00e4\u00df Art. 22 in Verbindung mit Art. 4 Nr. 4 DSGVO zu sein,<\/span><\/p>\n<p><span style=\"font-weight: 400;\">k) eine Beschwerde bei der Aufsichtsbeh\u00f6rde (Pr\u00e4sident des Amtes f\u00fcr den Schutz personenbezogener Daten) gem\u00e4\u00df Art. 77 DSGVO einzureichen.<\/span><\/p>\n<p><span style=\"font-weight: 400;\">12. Wenn Sie Ihre Rechte aus dem vorstehenden Punkt aus\u00fcben m\u00f6chten, senden Sie bitte eine Nachricht per E-Mail an die in Punkt 2 genannte Adresse.<\/span><\/p>\n<p><span style=\"font-weight: 400;\">13. Jede festgestellte Verletzung der Datensicherheit wird dokumentiert. Wenn eine der in der DSGVO oder dem Gesetz genannten Situationen eintritt, werden die betroffenen Personen und ggf. das Amt f\u00fcr den Schutz personenbezogener Daten \u00fcber den Vorfall informiert.<\/span><\/p>\n<p><span style=\"font-weight: 400;\">14. Die Cookie-Richtlinie ist ein separates Dokument und unter folgendem Link abrufbar:<\/span><a href=\"https:\/\/fenbro.com\/cookie-policy\/\"> <span style=\"font-weight: 400;\">https:\/\/fenbro.com\/cookie-policy\/<\/span><\/a><\/p>\n<p><span style=\"font-weight: 400;\">15. In Angelegenheiten, die durch diese Datenschutzerkl\u00e4rung nicht geregelt sind, gelten die allgemein g\u00fcltigen gesetzlichen Bestimmungen. Im Falle von Widerspr\u00fcchen zwischen den Bestimmungen dieser Datenschutzerkl\u00e4rung und den geltenden gesetzlichen Bestimmungen haben letztere Vorrang.<\/span><\/p>\n","protected":false},"excerpt":{"rendered":"<p>DATENSCHUTZERKL\u00c4RUNG DER WEBSITE FENBRO.COM 1. Der Verantwortliche f\u00fcr die Verarbeitung personenbezogener Daten auf der Website unter: https:\/\/fenbro.com\/de, im Folgenden als &#8222;Website&#8220; bezeichnet, ist die Fenbro Sp. z o.o. mit Sitz in Ludna 2\/320, 00-406 Warschau, eingetragen im Handelsregister des Amtsgerichts f\u00fcr die Hauptstadt Warschau, 12. Wirtschaftsabteilung des Landesgerichtsregisters, unter der KRS-Nummer: 0000947765, NIP: 7011070120, REGON: [&hellip;]<\/p>\n","protected":false},"author":1,"featured_media":0,"parent":0,"menu_order":0,"comment_status":"closed","ping_status":"closed","template":"simple.php","meta":{"_acf_changed":false,"footnotes":""},"class_list":["post-40201","page","type-page","status-publish","hentry"],"acf":[],"yoast_head":"<!-- This site is optimized with the Yoast SEO plugin v26.2 - https:\/\/yoast.com\/wordpress\/plugins\/seo\/ -->\n<title>Datenschutzrichtlinie - Fenbro<\/title>\n<meta name=\"robots\" content=\"index, follow, max-snippet:-1, max-image-preview:large, max-video-preview:-1\" \/>\n<link rel=\"canonical\" href=\"https:\/\/fenbro.com\/de\/datenschutzrichtlinie\/\" \/>\n<meta property=\"og:locale\" content=\"de_DE\" \/>\n<meta property=\"og:type\" content=\"article\" \/>\n<meta property=\"og:title\" content=\"Datenschutzrichtlinie - Fenbro\" \/>\n<meta property=\"og:description\" content=\"DATENSCHUTZERKL\u00c4RUNG DER WEBSITE FENBRO.COM 1. Der Verantwortliche f\u00fcr die Verarbeitung personenbezogener Daten auf der Website unter: https:\/\/fenbro.com\/de, im Folgenden als &#8222;Website&#8220; bezeichnet, ist die Fenbro Sp. z o.o. mit Sitz in Ludna 2\/320, 00-406 Warschau, eingetragen im Handelsregister des Amtsgerichts f\u00fcr die Hauptstadt Warschau, 12. Wirtschaftsabteilung des Landesgerichtsregisters, unter der KRS-Nummer: 0000947765, NIP: 7011070120, REGON: [&hellip;]\" \/>\n<meta property=\"og:url\" content=\"https:\/\/fenbro.com\/de\/datenschutzrichtlinie\/\" \/>\n<meta property=\"og:site_name\" content=\"Fenbro\" \/>\n<meta property=\"article:publisher\" content=\"https:\/\/www.facebook.com\/fenbropl\/\" \/>\n<meta property=\"article:modified_time\" content=\"2025-08-18T11:36:00+00:00\" \/>\n<meta name=\"twitter:card\" content=\"summary_large_image\" \/>\n<meta name=\"twitter:site\" content=\"@fenbro_\" \/>\n<meta name=\"twitter:label1\" content=\"Est. reading time\" \/>\n\t<meta name=\"twitter:data1\" content=\"6 Minute\" \/>\n<script type=\"application\/ld+json\" class=\"yoast-schema-graph\">{\"@context\":\"https:\/\/schema.org\",\"@graph\":[{\"@type\":\"WebPage\",\"@id\":\"https:\/\/fenbro.com\/de\/datenschutzrichtlinie\/\",\"url\":\"https:\/\/fenbro.com\/de\/datenschutzrichtlinie\/\",\"name\":\"Datenschutzrichtlinie - Fenbro\",\"isPartOf\":{\"@id\":\"https:\/\/test.fenbro.com\/de\/#website\"},\"datePublished\":\"2021-09-27T07:24:01+00:00\",\"dateModified\":\"2025-08-18T11:36:00+00:00\",\"breadcrumb\":{\"@id\":\"https:\/\/fenbro.com\/de\/datenschutzrichtlinie\/#breadcrumb\"},\"inLanguage\":\"de-DE\",\"potentialAction\":[{\"@type\":\"ReadAction\",\"target\":[\"https:\/\/fenbro.com\/de\/datenschutzrichtlinie\/\"]}]},{\"@type\":\"BreadcrumbList\",\"@id\":\"https:\/\/fenbro.com\/de\/datenschutzrichtlinie\/#breadcrumb\",\"itemListElement\":[{\"@type\":\"ListItem\",\"position\":1,\"name\":\"Fenbro\",\"item\":\"https:\/\/fenbro.com\/de\/\"},{\"@type\":\"ListItem\",\"position\":2,\"name\":\"Datenschutzrichtlinie\"}]},{\"@type\":\"WebSite\",\"@id\":\"https:\/\/test.fenbro.com\/de\/#website\",\"url\":\"https:\/\/test.fenbro.com\/de\/\",\"name\":\"Fenbro\",\"description\":\"Fenbro\",\"publisher\":{\"@id\":\"https:\/\/test.fenbro.com\/de\/#organization\"},\"potentialAction\":[{\"@type\":\"SearchAction\",\"target\":{\"@type\":\"EntryPoint\",\"urlTemplate\":\"https:\/\/test.fenbro.com\/de\/?s={search_term_string}\"},\"query-input\":{\"@type\":\"PropertyValueSpecification\",\"valueRequired\":true,\"valueName\":\"search_term_string\"}}],\"inLanguage\":\"de-DE\"},{\"@type\":\"Organization\",\"@id\":\"https:\/\/test.fenbro.com\/de\/#organization\",\"name\":\"Fenbro\",\"url\":\"https:\/\/test.fenbro.com\/de\/\",\"logo\":{\"@type\":\"ImageObject\",\"inLanguage\":\"de-DE\",\"@id\":\"https:\/\/test.fenbro.com\/de\/#\/schema\/logo\/image\/\",\"url\":\"https:\/\/fenbro.com\/wp-content\/uploads\/2022\/12\/logo.svg\",\"contentUrl\":\"https:\/\/fenbro.com\/wp-content\/uploads\/2022\/12\/logo.svg\",\"width\":118,\"height\":82,\"caption\":\"Fenbro\"},\"image\":{\"@id\":\"https:\/\/test.fenbro.com\/de\/#\/schema\/logo\/image\/\"},\"sameAs\":[\"https:\/\/www.facebook.com\/fenbropl\/\",\"https:\/\/x.com\/fenbro_\",\"https:\/\/www.instagram.com\/fenbro_\/\",\"https:\/\/www.youtube.com\/channel\/UCXYNAsSRWAbGE8dRU2fc5zw\",\"https:\/\/www.linkedin.com\/company\/75737410\",\"https:\/\/pl.pinterest.com\/fenbro_\/\"]}]}<\/script>\n<!-- \/ Yoast SEO plugin. -->","yoast_head_json":{"title":"Datenschutzrichtlinie - Fenbro","robots":{"index":"index","follow":"follow","max-snippet":"max-snippet:-1","max-image-preview":"max-image-preview:large","max-video-preview":"max-video-preview:-1"},"canonical":"https:\/\/fenbro.com\/de\/datenschutzrichtlinie\/","og_locale":"de_DE","og_type":"article","og_title":"Datenschutzrichtlinie - Fenbro","og_description":"DATENSCHUTZERKL\u00c4RUNG DER WEBSITE FENBRO.COM 1. Der Verantwortliche f\u00fcr die Verarbeitung personenbezogener Daten auf der Website unter: https:\/\/fenbro.com\/de, im Folgenden als &#8222;Website&#8220; bezeichnet, ist die Fenbro Sp. z o.o. mit Sitz in Ludna 2\/320, 00-406 Warschau, eingetragen im Handelsregister des Amtsgerichts f\u00fcr die Hauptstadt Warschau, 12. Wirtschaftsabteilung des Landesgerichtsregisters, unter der KRS-Nummer: 0000947765, NIP: 7011070120, REGON: [&hellip;]","og_url":"https:\/\/fenbro.com\/de\/datenschutzrichtlinie\/","og_site_name":"Fenbro","article_publisher":"https:\/\/www.facebook.com\/fenbropl\/","article_modified_time":"2025-08-18T11:36:00+00:00","twitter_card":"summary_large_image","twitter_site":"@fenbro_","twitter_misc":{"Est. reading time":"6 Minute"},"schema":{"@context":"https:\/\/schema.org","@graph":[{"@type":"WebPage","@id":"https:\/\/fenbro.com\/de\/datenschutzrichtlinie\/","url":"https:\/\/fenbro.com\/de\/datenschutzrichtlinie\/","name":"Datenschutzrichtlinie - Fenbro","isPartOf":{"@id":"https:\/\/test.fenbro.com\/de\/#website"},"datePublished":"2021-09-27T07:24:01+00:00","dateModified":"2025-08-18T11:36:00+00:00","breadcrumb":{"@id":"https:\/\/fenbro.com\/de\/datenschutzrichtlinie\/#breadcrumb"},"inLanguage":"de-DE","potentialAction":[{"@type":"ReadAction","target":["https:\/\/fenbro.com\/de\/datenschutzrichtlinie\/"]}]},{"@type":"BreadcrumbList","@id":"https:\/\/fenbro.com\/de\/datenschutzrichtlinie\/#breadcrumb","itemListElement":[{"@type":"ListItem","position":1,"name":"Fenbro","item":"https:\/\/fenbro.com\/de\/"},{"@type":"ListItem","position":2,"name":"Datenschutzrichtlinie"}]},{"@type":"WebSite","@id":"https:\/\/test.fenbro.com\/de\/#website","url":"https:\/\/test.fenbro.com\/de\/","name":"Fenbro","description":"Fenbro","publisher":{"@id":"https:\/\/test.fenbro.com\/de\/#organization"},"potentialAction":[{"@type":"SearchAction","target":{"@type":"EntryPoint","urlTemplate":"https:\/\/test.fenbro.com\/de\/?s={search_term_string}"},"query-input":{"@type":"PropertyValueSpecification","valueRequired":true,"valueName":"search_term_string"}}],"inLanguage":"de-DE"},{"@type":"Organization","@id":"https:\/\/test.fenbro.com\/de\/#organization","name":"Fenbro","url":"https:\/\/test.fenbro.com\/de\/","logo":{"@type":"ImageObject","inLanguage":"de-DE","@id":"https:\/\/test.fenbro.com\/de\/#\/schema\/logo\/image\/","url":"https:\/\/fenbro.com\/wp-content\/uploads\/2022\/12\/logo.svg","contentUrl":"https:\/\/fenbro.com\/wp-content\/uploads\/2022\/12\/logo.svg","width":118,"height":82,"caption":"Fenbro"},"image":{"@id":"https:\/\/test.fenbro.com\/de\/#\/schema\/logo\/image\/"},"sameAs":["https:\/\/www.facebook.com\/fenbropl\/","https:\/\/x.com\/fenbro_","https:\/\/www.instagram.com\/fenbro_\/","https:\/\/www.youtube.com\/channel\/UCXYNAsSRWAbGE8dRU2fc5zw","https:\/\/www.linkedin.com\/company\/75737410","https:\/\/pl.pinterest.com\/fenbro_\/"]}]}},"_links":{"self":[{"href":"https:\/\/fenbro.com\/de\/wp-json\/wp\/v2\/pages\/40201","targetHints":{"allow":["GET"]}}],"collection":[{"href":"https:\/\/fenbro.com\/de\/wp-json\/wp\/v2\/pages"}],"about":[{"href":"https:\/\/fenbro.com\/de\/wp-json\/wp\/v2\/types\/page"}],"author":[{"embeddable":true,"href":"https:\/\/fenbro.com\/de\/wp-json\/wp\/v2\/users\/1"}],"replies":[{"embeddable":true,"href":"https:\/\/fenbro.com\/de\/wp-json\/wp\/v2\/comments?post=40201"}],"version-history":[{"count":3,"href":"https:\/\/fenbro.com\/de\/wp-json\/wp\/v2\/pages\/40201\/revisions"}],"predecessor-version":[{"id":46165,"href":"https:\/\/fenbro.com\/de\/wp-json\/wp\/v2\/pages\/40201\/revisions\/46165"}],"wp:attachment":[{"href":"https:\/\/fenbro.com\/de\/wp-json\/wp\/v2\/media?parent=40201"}],"curies":[{"name":"wp","href":"https:\/\/api.w.org\/{rel}","templated":true}]}}