{"id":42984,"date":"2024-12-20T13:26:00","date_gmt":"2024-12-20T12:26:00","guid":{"rendered":"https:\/\/fenbro.com\/?page_id=42984"},"modified":"2026-02-16T10:24:33","modified_gmt":"2026-02-16T09:24:33","slug":"dsa-bericht-des-hostinganbieters","status":"publish","type":"page","link":"https:\/\/fenbro.com\/de\/dsa-bericht-des-hostinganbieters\/","title":{"rendered":"DSA-Bericht des Hostinganbieters"},"content":{"rendered":"<h2>Bericht des Hostinganbieters \u2013 Fenbro sp. z o.o.<\/h2>\n<p>&nbsp;<\/p>\n<p>Diese Informationen stellen einen Bericht \u00fcber die Moderation von Inhalten auf den von Fenbro sp. z o.o. betriebenen Profilen in sozialen Medien (Facebook, LinkedIn, Instagram) dar. Dieser Bericht enth\u00e4lt Informationen zur Inhaltsmoderation durch Fenbro sp. z o. o. in Bezug auf benutzergenerierte Inhalte, die innerhalb der von Fenbro betriebenen Dienste verf\u00fcgbar gemacht werden k\u00f6nnen. Wenn die Inhaltsmoderation in Sozialen Medien durch Drittanbieter stattfindet, fungiert die jeweilige Plattform als Hosting-Dienstleister; Fenbro moderiert Inhalte nur innerhalb der von diesen Plattformen zur Verf\u00fcgung gestellten Funktionen.<br \/>\nUnsere Berichterstattung erfolgt einmal j\u00e4hrlich f<span style=\"font-weight: 400;\">\u00fcr das vergangene Jahr<\/span>.<\/p>\n<p>&nbsp;<\/p>\n<p><b>Anzahl der von \u00f6ffentlichen Beh\u00f6rden erhaltenen Anordnungen<\/b><\/p>\n<p><span style=\"font-weight: 400;\">Im Jahr 2025 haben wir keine Anordnungen von \u00f6ffentlichen Beh\u00f6rden erhalten.<\/span><\/p>\n<p>&nbsp;<\/p>\n<p><b>Anzahl der Meldungen zu illegalen oder anderen unangemessenen Inhalten<\/b><\/p>\n<ol>\n<li style=\"font-weight: 400;\" aria-level=\"1\"><span style=\"font-weight: 400;\">Im Zeitraum vom 2. Januar 2025 bis zum 31. Dezember 2025 haben wir insgesamt 0 Meldungen von Ihnen (d. h. unseren Dienstleistungsempf\u00e4ngern) erhalten.<\/span><\/li>\n<li style=\"font-weight: 400;\" aria-level=\"1\"><span style=\"font-weight: 400;\">Die Meldungen wurden je nach Art der gemeldeten rechtswidrigen Inhalte wie folgt katalogisiert:<\/span><span style=\"font-weight: 400;\"><br \/>\n<\/span><span style=\"font-weight: 400;\">a) Urheberrechtsverletzungen \u2013 0<\/span><span style=\"font-weight: 400;\"><br \/>\n<\/span><span style=\"font-weight: 400;\">b) Gewalt, Hassrede \u2013 0<\/span><span style=\"font-weight: 400;\"><br \/>\n<\/span><span style=\"font-weight: 400;\">c) Falschinformationen (Fake News) \u2013 0<\/span><span style=\"font-weight: 400;\"><br \/>\n<\/span><span style=\"font-weight: 400;\">d) Nacktheit \u2013 0<\/span><span style=\"font-weight: 400;\"><br \/>\n<\/span><span style=\"font-weight: 400;\">e) Andere rechtswidrige Verst\u00f6\u00dfe \u2013 0<\/span><\/li>\n<li style=\"font-weight: 400;\" aria-level=\"1\"><span style=\"font-weight: 400;\">Hinsichtlich der von Ihnen gemeldeten Verst\u00f6\u00dfe haben wir folgende Ma\u00dfnahmen ergriffen:<\/span><span style=\"font-weight: 400;\"><br \/>\n<\/span><span style=\"font-weight: 400;\">a) Im Zusammenhang mit Verst\u00f6\u00dfen gegen unsere Richtlinien:<\/span><span style=\"font-weight: 400;\"><br \/>\n<\/span><span style=\"font-weight: 400;\">\u2013 L\u00f6schung von Kommentaren: 0<\/span><span style=\"font-weight: 400;\"><br \/>\n<\/span><span style=\"font-weight: 400;\">\u2013 Sperrung des Kontos des Verursachers: 0<\/span><span style=\"font-weight: 400;\"><br \/>\n<\/span><span style=\"font-weight: 400;\">b) Im Zusammenhang mit Rechtsverst\u00f6\u00dfen:<\/span><span style=\"font-weight: 400;\"><br \/>\n<\/span><span style=\"font-weight: 400;\">\u2013 Benachrichtigung der Strafverfolgungsbeh\u00f6rden: 0<\/span><\/li>\n<li style=\"font-weight: 400;\" aria-level=\"1\"><span style=\"font-weight: 400;\">Wir verwenden keine automatisierten Mittel zur Bearbeitung von Beschwerden \u2013 alle Beschwerden (Meldungen) werden von beauftragten Mitgliedern unseres Teams bearbeitet.<\/span><\/li>\n<li style=\"font-weight: 400;\" aria-level=\"1\"><span style=\"font-weight: 400;\">Die durchschnittliche Zeit, die wir ben\u00f6tigen, um nach Eingang einer Beschwerde Ma\u00dfnahmen zu ergreifen, betr\u00e4gt: 0.<\/span><\/li>\n<\/ol>\n<p><b>Informationen zur Moderation von Inhalten<\/b><\/p>\n<ol>\n<li style=\"font-weight: 400;\" aria-level=\"1\"><span style=\"font-weight: 400;\">Wir moderieren Inhalte sowohl aus eigener Initiative durch beauftragte Mitglieder unseres Teams als auch basierend auf Informationen \u00fcber m\u00f6gliche Verst\u00f6\u00dfe, die wir von Dritten\/Parteien erhalten. In diesem Zusammenhang verwenden wir keine automatisierten Werkzeuge.<\/span><\/li>\n<li style=\"font-weight: 400;\" aria-level=\"1\"><span style=\"font-weight: 400;\">Den Mitarbeitern, die mit der Moderation von Inhalten betraut sind, bieten wir Schulungen an, um ihre T\u00e4tigkeiten zu verbessern.<\/span><\/li>\n<li style=\"font-weight: 400;\" aria-level=\"1\"><span style=\"font-weight: 400;\"><span style=\"font-weight: 400;\">Um den Informationsfluss von Ihnen zu optimieren, verwenden wir klare Informationen in den Allgemeinen Gesch\u00e4ftsbedingungen<\/span><\/span><span style=\"font-weight: 400;\"> dar\u00fcber, wo und wie Nutzer Verst\u00f6\u00dfe melden k\u00f6nnen. Dar\u00fcber hinaus haben wir eine Liste der Angaben in Meldungen zur Verf\u00fcgung gestellt.<\/span><\/li>\n<li style=\"font-weight: 400;\" aria-level=\"1\"><span style=\"font-weight: 400;\">Die oben beschriebenen Ma\u00dfnahmen wenden wir einheitlich auf alle Arten von Verst\u00f6\u00dfen an.<\/span><\/li>\n<\/ol>\n<p><b>Anzahl der Beschwerden im Zusammenhang mit unserem internen Beschwerdesystem<\/b><\/p>\n<ol>\n<li style=\"font-weight: 400;\" aria-level=\"1\"><span style=\"font-weight: 400;\">Im Rahmen des Betriebs unseres internen Beschwerdesystems haben wir im letzten Jahr 0 Beschwerden von Ihnen erhalten.<\/span><\/li>\n<li style=\"font-weight: 400;\" aria-level=\"1\"><span style=\"font-weight: 400;\">Die Gr\u00fcnde f\u00fcr die Beschwerden waren:<\/span><span style=\"font-weight: 400;\"><br \/>\n<\/span><span style=\"font-weight: 400;\">a) Urheberrechtsverletzungen \u2013 0<\/span><span style=\"font-weight: 400;\"><br \/>\n<\/span><span style=\"font-weight: 400;\">b) Gewalt, Hassrede \u2013 0<\/span><span style=\"font-weight: 400;\"><br \/>\n<\/span><span style=\"font-weight: 400;\">c) Falschinformationen (Fake News) \u2013 0<\/span><span style=\"font-weight: 400;\"><br \/>\n<\/span><span style=\"font-weight: 400;\">d) Nacktheit \u2013 0<\/span><span style=\"font-weight: 400;\"><br \/>\n<\/span><span style=\"font-weight: 400;\">e) Andere rechtswidrige Verst\u00f6\u00dfe \u2013 0<\/span><\/li>\n<li style=\"font-weight: 400;\" aria-level=\"1\"><span style=\"font-weight: 400;\">Im Rahmen der Bearbeitung der Beschwerden haben wir folgende Entscheidungen getroffen:<\/span><span style=\"font-weight: 400;\"><br \/>\n<\/span><span style=\"font-weight: 400;\">a) L\u00f6schung\/Sperrung des Kontos des Verursachers: 0<\/span><span style=\"font-weight: 400;\"><br \/>\n<\/span><span style=\"font-weight: 400;\">b) Entfernung von Kommentaren: 0<\/span><span style=\"font-weight: 400;\"><br \/>\n<\/span><span style=\"font-weight: 400;\">c) Benachrichtigung der Strafverfolgungsbeh\u00f6rden: 0<\/span><\/li>\n<li style=\"font-weight: 400;\" aria-level=\"1\"><span style=\"font-weight: 400;\">Die durchschnittliche Zeit, die wir ben\u00f6tigen, um nach Eingang einer Beschwerde Ma\u00dfnahmen zu ergreifen, betr\u00e4gt: 0.<\/span><\/li>\n<li style=\"font-weight: 400;\" aria-level=\"1\"><span style=\"font-weight: 400;\">Im Ergebnis der Beschwerden haben wir die folgende Anzahl an Entscheidungen aufgehoben: 0<\/span><\/li>\n<\/ol>\n<p><b>Automatisierte Entscheidungsfindung (Moderation von Inhalten)<\/b><\/p>\n<p><span style=\"font-weight: 400;\">Wir verwenden keine Werkzeuge zur Moderation von Inhalten, zur Analyse von Beschwerden oder zur Bearbeitung von Verst\u00f6\u00dfen. Unsere Entscheidungen basieren ausschlie\u00dflich auf der Arbeit von beauftragten und geschulten Mitgliedern unseres Teams.<\/span><\/p>\n","protected":false},"excerpt":{"rendered":"<p>Bericht des Hostinganbieters \u2013 Fenbro sp. z o.o. &nbsp; Diese Informationen stellen einen Bericht \u00fcber die Moderation von Inhalten auf den von Fenbro sp. z o.o. betriebenen Profilen in sozialen Medien (Facebook, LinkedIn, Instagram) dar. Dieser Bericht enth\u00e4lt Informationen zur Inhaltsmoderation durch Fenbro sp. z o. o. in Bezug auf benutzergenerierte Inhalte, die innerhalb der [&hellip;]<\/p>\n","protected":false},"author":1,"featured_media":0,"parent":0,"menu_order":0,"comment_status":"closed","ping_status":"closed","template":"","meta":{"_acf_changed":false,"footnotes":""},"class_list":["post-42984","page","type-page","status-publish","hentry"],"acf":[],"yoast_head":"<!-- This site is optimized with the Yoast SEO plugin v26.2 - https:\/\/yoast.com\/wordpress\/plugins\/seo\/ -->\n<title>DSA-Bericht des Hostinganbieters - Fenbro<\/title>\n<meta name=\"robots\" content=\"index, follow, max-snippet:-1, max-image-preview:large, max-video-preview:-1\" \/>\n<link rel=\"canonical\" href=\"https:\/\/fenbro.com\/de\/dsa-bericht-des-hostinganbieters\/\" \/>\n<meta property=\"og:locale\" content=\"de_DE\" \/>\n<meta property=\"og:type\" content=\"article\" \/>\n<meta property=\"og:title\" content=\"DSA-Bericht des Hostinganbieters - Fenbro\" \/>\n<meta property=\"og:description\" content=\"Bericht des Hostinganbieters \u2013 Fenbro sp. z o.o. &nbsp; Diese Informationen stellen einen Bericht \u00fcber die Moderation von Inhalten auf den von Fenbro sp. z o.o. betriebenen Profilen in sozialen Medien (Facebook, LinkedIn, Instagram) dar. Dieser Bericht enth\u00e4lt Informationen zur Inhaltsmoderation durch Fenbro sp. z o. o. in Bezug auf benutzergenerierte Inhalte, die innerhalb der [&hellip;]\" \/>\n<meta property=\"og:url\" content=\"https:\/\/fenbro.com\/de\/dsa-bericht-des-hostinganbieters\/\" \/>\n<meta property=\"og:site_name\" content=\"Fenbro\" \/>\n<meta property=\"article:publisher\" content=\"https:\/\/www.facebook.com\/fenbropl\/\" \/>\n<meta property=\"article:modified_time\" content=\"2026-02-16T09:24:33+00:00\" \/>\n<meta name=\"twitter:card\" content=\"summary_large_image\" \/>\n<meta name=\"twitter:site\" content=\"@fenbro_\" \/>\n<meta name=\"twitter:label1\" content=\"Est. reading time\" \/>\n\t<meta name=\"twitter:data1\" content=\"3 Minute\" \/>\n<script type=\"application\/ld+json\" class=\"yoast-schema-graph\">{\"@context\":\"https:\/\/schema.org\",\"@graph\":[{\"@type\":\"WebPage\",\"@id\":\"https:\/\/fenbro.com\/de\/dsa-bericht-des-hostinganbieters\/\",\"url\":\"https:\/\/fenbro.com\/de\/dsa-bericht-des-hostinganbieters\/\",\"name\":\"DSA-Bericht des Hostinganbieters - Fenbro\",\"isPartOf\":{\"@id\":\"https:\/\/test.fenbro.com\/de\/#website\"},\"datePublished\":\"2024-12-20T12:26:00+00:00\",\"dateModified\":\"2026-02-16T09:24:33+00:00\",\"breadcrumb\":{\"@id\":\"https:\/\/fenbro.com\/de\/dsa-bericht-des-hostinganbieters\/#breadcrumb\"},\"inLanguage\":\"de-DE\",\"potentialAction\":[{\"@type\":\"ReadAction\",\"target\":[\"https:\/\/fenbro.com\/de\/dsa-bericht-des-hostinganbieters\/\"]}]},{\"@type\":\"BreadcrumbList\",\"@id\":\"https:\/\/fenbro.com\/de\/dsa-bericht-des-hostinganbieters\/#breadcrumb\",\"itemListElement\":[{\"@type\":\"ListItem\",\"position\":1,\"name\":\"Fenbro\",\"item\":\"https:\/\/fenbro.com\/de\/\"},{\"@type\":\"ListItem\",\"position\":2,\"name\":\"DSA-Bericht des Hostinganbieters\"}]},{\"@type\":\"WebSite\",\"@id\":\"https:\/\/test.fenbro.com\/de\/#website\",\"url\":\"https:\/\/test.fenbro.com\/de\/\",\"name\":\"Fenbro\",\"description\":\"Fenbro\",\"publisher\":{\"@id\":\"https:\/\/test.fenbro.com\/de\/#organization\"},\"potentialAction\":[{\"@type\":\"SearchAction\",\"target\":{\"@type\":\"EntryPoint\",\"urlTemplate\":\"https:\/\/test.fenbro.com\/de\/?s={search_term_string}\"},\"query-input\":{\"@type\":\"PropertyValueSpecification\",\"valueRequired\":true,\"valueName\":\"search_term_string\"}}],\"inLanguage\":\"de-DE\"},{\"@type\":\"Organization\",\"@id\":\"https:\/\/test.fenbro.com\/de\/#organization\",\"name\":\"Fenbro\",\"url\":\"https:\/\/test.fenbro.com\/de\/\",\"logo\":{\"@type\":\"ImageObject\",\"inLanguage\":\"de-DE\",\"@id\":\"https:\/\/test.fenbro.com\/de\/#\/schema\/logo\/image\/\",\"url\":\"https:\/\/fenbro.com\/wp-content\/uploads\/2022\/12\/logo.svg\",\"contentUrl\":\"https:\/\/fenbro.com\/wp-content\/uploads\/2022\/12\/logo.svg\",\"width\":118,\"height\":82,\"caption\":\"Fenbro\"},\"image\":{\"@id\":\"https:\/\/test.fenbro.com\/de\/#\/schema\/logo\/image\/\"},\"sameAs\":[\"https:\/\/www.facebook.com\/fenbropl\/\",\"https:\/\/x.com\/fenbro_\",\"https:\/\/www.instagram.com\/fenbro_\/\",\"https:\/\/www.youtube.com\/channel\/UCXYNAsSRWAbGE8dRU2fc5zw\",\"https:\/\/www.linkedin.com\/company\/75737410\",\"https:\/\/pl.pinterest.com\/fenbro_\/\"]}]}<\/script>\n<!-- \/ Yoast SEO plugin. -->","yoast_head_json":{"title":"DSA-Bericht des Hostinganbieters - Fenbro","robots":{"index":"index","follow":"follow","max-snippet":"max-snippet:-1","max-image-preview":"max-image-preview:large","max-video-preview":"max-video-preview:-1"},"canonical":"https:\/\/fenbro.com\/de\/dsa-bericht-des-hostinganbieters\/","og_locale":"de_DE","og_type":"article","og_title":"DSA-Bericht des Hostinganbieters - Fenbro","og_description":"Bericht des Hostinganbieters \u2013 Fenbro sp. z o.o. &nbsp; Diese Informationen stellen einen Bericht \u00fcber die Moderation von Inhalten auf den von Fenbro sp. z o.o. betriebenen Profilen in sozialen Medien (Facebook, LinkedIn, Instagram) dar. Dieser Bericht enth\u00e4lt Informationen zur Inhaltsmoderation durch Fenbro sp. z o. o. in Bezug auf benutzergenerierte Inhalte, die innerhalb der [&hellip;]","og_url":"https:\/\/fenbro.com\/de\/dsa-bericht-des-hostinganbieters\/","og_site_name":"Fenbro","article_publisher":"https:\/\/www.facebook.com\/fenbropl\/","article_modified_time":"2026-02-16T09:24:33+00:00","twitter_card":"summary_large_image","twitter_site":"@fenbro_","twitter_misc":{"Est. reading time":"3 Minute"},"schema":{"@context":"https:\/\/schema.org","@graph":[{"@type":"WebPage","@id":"https:\/\/fenbro.com\/de\/dsa-bericht-des-hostinganbieters\/","url":"https:\/\/fenbro.com\/de\/dsa-bericht-des-hostinganbieters\/","name":"DSA-Bericht des Hostinganbieters - Fenbro","isPartOf":{"@id":"https:\/\/test.fenbro.com\/de\/#website"},"datePublished":"2024-12-20T12:26:00+00:00","dateModified":"2026-02-16T09:24:33+00:00","breadcrumb":{"@id":"https:\/\/fenbro.com\/de\/dsa-bericht-des-hostinganbieters\/#breadcrumb"},"inLanguage":"de-DE","potentialAction":[{"@type":"ReadAction","target":["https:\/\/fenbro.com\/de\/dsa-bericht-des-hostinganbieters\/"]}]},{"@type":"BreadcrumbList","@id":"https:\/\/fenbro.com\/de\/dsa-bericht-des-hostinganbieters\/#breadcrumb","itemListElement":[{"@type":"ListItem","position":1,"name":"Fenbro","item":"https:\/\/fenbro.com\/de\/"},{"@type":"ListItem","position":2,"name":"DSA-Bericht des Hostinganbieters"}]},{"@type":"WebSite","@id":"https:\/\/test.fenbro.com\/de\/#website","url":"https:\/\/test.fenbro.com\/de\/","name":"Fenbro","description":"Fenbro","publisher":{"@id":"https:\/\/test.fenbro.com\/de\/#organization"},"potentialAction":[{"@type":"SearchAction","target":{"@type":"EntryPoint","urlTemplate":"https:\/\/test.fenbro.com\/de\/?s={search_term_string}"},"query-input":{"@type":"PropertyValueSpecification","valueRequired":true,"valueName":"search_term_string"}}],"inLanguage":"de-DE"},{"@type":"Organization","@id":"https:\/\/test.fenbro.com\/de\/#organization","name":"Fenbro","url":"https:\/\/test.fenbro.com\/de\/","logo":{"@type":"ImageObject","inLanguage":"de-DE","@id":"https:\/\/test.fenbro.com\/de\/#\/schema\/logo\/image\/","url":"https:\/\/fenbro.com\/wp-content\/uploads\/2022\/12\/logo.svg","contentUrl":"https:\/\/fenbro.com\/wp-content\/uploads\/2022\/12\/logo.svg","width":118,"height":82,"caption":"Fenbro"},"image":{"@id":"https:\/\/test.fenbro.com\/de\/#\/schema\/logo\/image\/"},"sameAs":["https:\/\/www.facebook.com\/fenbropl\/","https:\/\/x.com\/fenbro_","https:\/\/www.instagram.com\/fenbro_\/","https:\/\/www.youtube.com\/channel\/UCXYNAsSRWAbGE8dRU2fc5zw","https:\/\/www.linkedin.com\/company\/75737410","https:\/\/pl.pinterest.com\/fenbro_\/"]}]}},"_links":{"self":[{"href":"https:\/\/fenbro.com\/de\/wp-json\/wp\/v2\/pages\/42984","targetHints":{"allow":["GET"]}}],"collection":[{"href":"https:\/\/fenbro.com\/de\/wp-json\/wp\/v2\/pages"}],"about":[{"href":"https:\/\/fenbro.com\/de\/wp-json\/wp\/v2\/types\/page"}],"author":[{"embeddable":true,"href":"https:\/\/fenbro.com\/de\/wp-json\/wp\/v2\/users\/1"}],"replies":[{"embeddable":true,"href":"https:\/\/fenbro.com\/de\/wp-json\/wp\/v2\/comments?post=42984"}],"version-history":[{"count":20,"href":"https:\/\/fenbro.com\/de\/wp-json\/wp\/v2\/pages\/42984\/revisions"}],"predecessor-version":[{"id":51766,"href":"https:\/\/fenbro.com\/de\/wp-json\/wp\/v2\/pages\/42984\/revisions\/51766"}],"wp:attachment":[{"href":"https:\/\/fenbro.com\/de\/wp-json\/wp\/v2\/media?parent=42984"}],"curies":[{"name":"wp","href":"https:\/\/api.w.org\/{rel}","templated":true}]}}