{"id":47579,"date":"2025-05-21T12:03:57","date_gmt":"2025-05-21T10:03:57","guid":{"rendered":"https:\/\/fenbro.com\/?page_id=47579"},"modified":"2026-02-26T09:00:21","modified_gmt":"2026-02-26T08:00:21","slug":"fenbro-garantiepakete","status":"publish","type":"page","link":"https:\/\/fenbro.com\/de\/fenbro-garantiepakete\/","title":{"rendered":"Fenbro-Garantiepakete"},"content":{"rendered":"<p><strong>Langfristige Leistung und Sicherheit \u2013 f\u00fcr Ihr gutes Gef\u00fchl<\/strong><\/p>\n<p>&nbsp;<\/p>\n<p>Bei Fenbro liegt uns die Langlebigkeit und Funktionalit\u00e4t Ihrer Fenster und T\u00fcren am Herzen. Daher haben wir drei umfassende Servicepakete entwickelt, die individuell auf Ihre Bed\u00fcrfnisse zugeschnittenen Schutz und Support bieten. W\u00e4hlen Sie das Paket, das am besten zu Ihren Anforderungen und Ihrer Investition passt.<\/p>\n","protected":false},"excerpt":{"rendered":"<p>Langfristige Leistung und Sicherheit \u2013 f\u00fcr Ihr gutes Gef\u00fchl &nbsp; Bei Fenbro liegt uns die Langlebigkeit und Funktionalit\u00e4t Ihrer Fenster und T\u00fcren am Herzen. Daher haben wir drei umfassende Servicepakete entwickelt, die individuell auf Ihre Bed\u00fcrfnisse zugeschnittenen Schutz und Support bieten. W\u00e4hlen Sie das Paket, das am besten zu Ihren Anforderungen und Ihrer Investition passt.<\/p>\n","protected":false},"author":1,"featured_media":0,"parent":0,"menu_order":0,"comment_status":"closed","ping_status":"closed","template":"page-warranty-packages.php","meta":{"_acf_changed":false,"footnotes":""},"class_list":["post-47579","page","type-page","status-publish","hentry"],"acf":[],"yoast_head":"<!-- This site is optimized with the Yoast SEO plugin v26.2 - https:\/\/yoast.com\/wordpress\/plugins\/seo\/ -->\n<title>Fenbro-Garantiepakete - Fenbro<\/title>\n<meta name=\"robots\" content=\"index, follow, max-snippet:-1, max-image-preview:large, max-video-preview:-1\" \/>\n<link rel=\"canonical\" href=\"https:\/\/fenbro.com\/de\/fenbro-garantiepakete\/\" \/>\n<meta property=\"og:locale\" content=\"de_DE\" \/>\n<meta property=\"og:type\" content=\"article\" \/>\n<meta property=\"og:title\" content=\"Fenbro-Garantiepakete - Fenbro\" \/>\n<meta property=\"og:description\" content=\"Langfristige Leistung und Sicherheit \u2013 f\u00fcr Ihr gutes Gef\u00fchl &nbsp; Bei Fenbro liegt uns die Langlebigkeit und Funktionalit\u00e4t Ihrer Fenster und T\u00fcren am Herzen. Daher haben wir drei umfassende Servicepakete entwickelt, die individuell auf Ihre Bed\u00fcrfnisse zugeschnittenen Schutz und Support bieten. W\u00e4hlen Sie das Paket, das am besten zu Ihren Anforderungen und Ihrer Investition passt.\" \/>\n<meta property=\"og:url\" content=\"https:\/\/fenbro.com\/de\/fenbro-garantiepakete\/\" \/>\n<meta property=\"og:site_name\" content=\"Fenbro\" \/>\n<meta property=\"article:publisher\" content=\"https:\/\/www.facebook.com\/fenbropl\/\" \/>\n<meta property=\"article:modified_time\" content=\"2026-02-26T08:00:21+00:00\" \/>\n<meta name=\"twitter:card\" content=\"summary_large_image\" \/>\n<meta name=\"twitter:site\" content=\"@fenbro_\" \/>\n<meta name=\"twitter:label1\" content=\"Est. reading time\" \/>\n\t<meta name=\"twitter:data1\" content=\"1 Minute\" \/>\n<script type=\"application\/ld+json\" class=\"yoast-schema-graph\">{\"@context\":\"https:\/\/schema.org\",\"@graph\":[{\"@type\":\"WebPage\",\"@id\":\"https:\/\/fenbro.com\/de\/fenbro-garantiepakete\/\",\"url\":\"https:\/\/fenbro.com\/de\/fenbro-garantiepakete\/\",\"name\":\"Fenbro-Garantiepakete - Fenbro\",\"isPartOf\":{\"@id\":\"https:\/\/test.fenbro.com\/de\/#website\"},\"datePublished\":\"2025-05-21T10:03:57+00:00\",\"dateModified\":\"2026-02-26T08:00:21+00:00\",\"breadcrumb\":{\"@id\":\"https:\/\/fenbro.com\/de\/fenbro-garantiepakete\/#breadcrumb\"},\"inLanguage\":\"de-DE\",\"potentialAction\":[{\"@type\":\"ReadAction\",\"target\":[\"https:\/\/fenbro.com\/de\/fenbro-garantiepakete\/\"]}]},{\"@type\":\"BreadcrumbList\",\"@id\":\"https:\/\/fenbro.com\/de\/fenbro-garantiepakete\/#breadcrumb\",\"itemListElement\":[{\"@type\":\"ListItem\",\"position\":1,\"name\":\"Fenbro\",\"item\":\"https:\/\/fenbro.com\/de\/\"},{\"@type\":\"ListItem\",\"position\":2,\"name\":\"Fenbro-Garantiepakete\"}]},{\"@type\":\"WebSite\",\"@id\":\"https:\/\/test.fenbro.com\/de\/#website\",\"url\":\"https:\/\/test.fenbro.com\/de\/\",\"name\":\"Fenbro\",\"description\":\"Fenbro\",\"publisher\":{\"@id\":\"https:\/\/test.fenbro.com\/de\/#organization\"},\"potentialAction\":[{\"@type\":\"SearchAction\",\"target\":{\"@type\":\"EntryPoint\",\"urlTemplate\":\"https:\/\/test.fenbro.com\/de\/?s={search_term_string}\"},\"query-input\":{\"@type\":\"PropertyValueSpecification\",\"valueRequired\":true,\"valueName\":\"search_term_string\"}}],\"inLanguage\":\"de-DE\"},{\"@type\":\"Organization\",\"@id\":\"https:\/\/test.fenbro.com\/de\/#organization\",\"name\":\"Fenbro\",\"url\":\"https:\/\/test.fenbro.com\/de\/\",\"logo\":{\"@type\":\"ImageObject\",\"inLanguage\":\"de-DE\",\"@id\":\"https:\/\/test.fenbro.com\/de\/#\/schema\/logo\/image\/\",\"url\":\"https:\/\/fenbro.com\/wp-content\/uploads\/2022\/12\/logo.svg\",\"contentUrl\":\"https:\/\/fenbro.com\/wp-content\/uploads\/2022\/12\/logo.svg\",\"width\":118,\"height\":82,\"caption\":\"Fenbro\"},\"image\":{\"@id\":\"https:\/\/test.fenbro.com\/de\/#\/schema\/logo\/image\/\"},\"sameAs\":[\"https:\/\/www.facebook.com\/fenbropl\/\",\"https:\/\/x.com\/fenbro_\",\"https:\/\/www.instagram.com\/fenbro_\/\",\"https:\/\/www.youtube.com\/channel\/UCXYNAsSRWAbGE8dRU2fc5zw\",\"https:\/\/www.linkedin.com\/company\/75737410\",\"https:\/\/pl.pinterest.com\/fenbro_\/\"]}]}<\/script>\n<!-- \/ Yoast SEO plugin. -->","yoast_head_json":{"title":"Fenbro-Garantiepakete - Fenbro","robots":{"index":"index","follow":"follow","max-snippet":"max-snippet:-1","max-image-preview":"max-image-preview:large","max-video-preview":"max-video-preview:-1"},"canonical":"https:\/\/fenbro.com\/de\/fenbro-garantiepakete\/","og_locale":"de_DE","og_type":"article","og_title":"Fenbro-Garantiepakete - Fenbro","og_description":"Langfristige Leistung und Sicherheit \u2013 f\u00fcr Ihr gutes Gef\u00fchl &nbsp; Bei Fenbro liegt uns die Langlebigkeit und Funktionalit\u00e4t Ihrer Fenster und T\u00fcren am Herzen. Daher haben wir drei umfassende Servicepakete entwickelt, die individuell auf Ihre Bed\u00fcrfnisse zugeschnittenen Schutz und Support bieten. W\u00e4hlen Sie das Paket, das am besten zu Ihren Anforderungen und Ihrer Investition passt.","og_url":"https:\/\/fenbro.com\/de\/fenbro-garantiepakete\/","og_site_name":"Fenbro","article_publisher":"https:\/\/www.facebook.com\/fenbropl\/","article_modified_time":"2026-02-26T08:00:21+00:00","twitter_card":"summary_large_image","twitter_site":"@fenbro_","twitter_misc":{"Est. reading time":"1 Minute"},"schema":{"@context":"https:\/\/schema.org","@graph":[{"@type":"WebPage","@id":"https:\/\/fenbro.com\/de\/fenbro-garantiepakete\/","url":"https:\/\/fenbro.com\/de\/fenbro-garantiepakete\/","name":"Fenbro-Garantiepakete - Fenbro","isPartOf":{"@id":"https:\/\/test.fenbro.com\/de\/#website"},"datePublished":"2025-05-21T10:03:57+00:00","dateModified":"2026-02-26T08:00:21+00:00","breadcrumb":{"@id":"https:\/\/fenbro.com\/de\/fenbro-garantiepakete\/#breadcrumb"},"inLanguage":"de-DE","potentialAction":[{"@type":"ReadAction","target":["https:\/\/fenbro.com\/de\/fenbro-garantiepakete\/"]}]},{"@type":"BreadcrumbList","@id":"https:\/\/fenbro.com\/de\/fenbro-garantiepakete\/#breadcrumb","itemListElement":[{"@type":"ListItem","position":1,"name":"Fenbro","item":"https:\/\/fenbro.com\/de\/"},{"@type":"ListItem","position":2,"name":"Fenbro-Garantiepakete"}]},{"@type":"WebSite","@id":"https:\/\/test.fenbro.com\/de\/#website","url":"https:\/\/test.fenbro.com\/de\/","name":"Fenbro","description":"Fenbro","publisher":{"@id":"https:\/\/test.fenbro.com\/de\/#organization"},"potentialAction":[{"@type":"SearchAction","target":{"@type":"EntryPoint","urlTemplate":"https:\/\/test.fenbro.com\/de\/?s={search_term_string}"},"query-input":{"@type":"PropertyValueSpecification","valueRequired":true,"valueName":"search_term_string"}}],"inLanguage":"de-DE"},{"@type":"Organization","@id":"https:\/\/test.fenbro.com\/de\/#organization","name":"Fenbro","url":"https:\/\/test.fenbro.com\/de\/","logo":{"@type":"ImageObject","inLanguage":"de-DE","@id":"https:\/\/test.fenbro.com\/de\/#\/schema\/logo\/image\/","url":"https:\/\/fenbro.com\/wp-content\/uploads\/2022\/12\/logo.svg","contentUrl":"https:\/\/fenbro.com\/wp-content\/uploads\/2022\/12\/logo.svg","width":118,"height":82,"caption":"Fenbro"},"image":{"@id":"https:\/\/test.fenbro.com\/de\/#\/schema\/logo\/image\/"},"sameAs":["https:\/\/www.facebook.com\/fenbropl\/","https:\/\/x.com\/fenbro_","https:\/\/www.instagram.com\/fenbro_\/","https:\/\/www.youtube.com\/channel\/UCXYNAsSRWAbGE8dRU2fc5zw","https:\/\/www.linkedin.com\/company\/75737410","https:\/\/pl.pinterest.com\/fenbro_\/"]}]}},"_links":{"self":[{"href":"https:\/\/fenbro.com\/de\/wp-json\/wp\/v2\/pages\/47579","targetHints":{"allow":["GET"]}}],"collection":[{"href":"https:\/\/fenbro.com\/de\/wp-json\/wp\/v2\/pages"}],"about":[{"href":"https:\/\/fenbro.com\/de\/wp-json\/wp\/v2\/types\/page"}],"author":[{"embeddable":true,"href":"https:\/\/fenbro.com\/de\/wp-json\/wp\/v2\/users\/1"}],"replies":[{"embeddable":true,"href":"https:\/\/fenbro.com\/de\/wp-json\/wp\/v2\/comments?post=47579"}],"version-history":[{"count":9,"href":"https:\/\/fenbro.com\/de\/wp-json\/wp\/v2\/pages\/47579\/revisions"}],"predecessor-version":[{"id":52036,"href":"https:\/\/fenbro.com\/de\/wp-json\/wp\/v2\/pages\/47579\/revisions\/52036"}],"wp:attachment":[{"href":"https:\/\/fenbro.com\/de\/wp-json\/wp\/v2\/media?parent=47579"}],"curies":[{"name":"wp","href":"https:\/\/api.w.org\/{rel}","templated":true}]}}